{"id":126,"date":"2017-11-07T20:18:45","date_gmt":"2017-11-07T19:18:45","guid":{"rendered":"http:\/\/lenkanemravova.com\/?page_id=126"},"modified":"2023-11-24T20:31:55","modified_gmt":"2023-11-24T19:31:55","slug":"kontakty","status":"publish","type":"page","link":"https:\/\/www.lenkanemravova.cz\/?page_id=126","title":{"rendered":"Kontakty"},"content":{"rendered":"\t\t<div data-elementor-type=\"wp-page\" data-elementor-id=\"126\" class=\"elementor elementor-126\">\n\t\t\t\t\t\t\t\t\t<section class=\"has_eae_slider elementor-section elementor-top-section elementor-element elementor-element-9f9fbf0 elementor-section-content-middle elementor-section-full_width elementor-section-height-min-height elementor-section-items-stretch elementor-section-height-default\" data-id=\"9f9fbf0\" data-element_type=\"section\">\n\t\t\t\t\t\t<div class=\"elementor-container elementor-column-gap-no\">\n\t\t\t\t\t<div class=\"has_eae_slider elementor-column elementor-col-33 elementor-top-column elementor-element elementor-element-5bd028d5\" data-id=\"5bd028d5\" data-element_type=\"column\" data-settings=\"{&quot;background_background&quot;:&quot;classic&quot;}\">\n\t\t\t<div class=\"elementor-widget-wrap elementor-element-populated\">\n\t\t\t\t\t\t\t\t<div class=\"elementor-element elementor-element-eca1122 elementor-widget-divider--view-line elementor-widget elementor-widget-divider\" data-id=\"eca1122\" data-element_type=\"widget\" data-widget_type=\"divider.default\">\n\t\t\t\t<div class=\"elementor-widget-container\">\n\t\t\t\t\t<div class=\"elementor-divider\">\n\t\t\t<span class=\"elementor-divider-separator\">\n\t\t\t\t\t\t<\/span>\n\t\t<\/div>\n\t\t\t\t<\/div>\n\t\t\t\t<\/div>\n\t\t\t\t<div class=\"elementor-element elementor-element-20d990fe elementor-widget elementor-widget-text-editor\" data-id=\"20d990fe\" data-element_type=\"widget\" data-widget_type=\"text-editor.default\">\n\t\t\t\t<div class=\"elementor-widget-container\">\n\t\t\t\t\t\t\t<p>Kosmetick\u00fd salon situov\u00e1n v p\u0159\u00edjemn\u00e9 bl\u00edzkosti centra a v\u0161ech dopravn\u00edch spojen\u00ed. Najdete jej zhruba 3 minuty ch\u016fz\u00ed od hl.n\u00e1dra\u017e\u00ed v Olomouci.<\/p><p>\u00a0<\/p>\t\t\t\t\t\t<\/div>\n\t\t\t\t<\/div>\n\t\t\t\t<div class=\"elementor-element elementor-element-538c127 elementor-widget elementor-widget-heading\" data-id=\"538c127\" data-element_type=\"widget\" data-widget_type=\"heading.default\">\n\t\t\t\t<div class=\"elementor-widget-container\">\n\t\t\t<h4 class=\"elementor-heading-title elementor-size-default\">Soci\u00e1ln\u00ed s\u00edt\u011b<\/h4>\t\t<\/div>\n\t\t\t\t<\/div>\n\t\t\t\t<div class=\"elementor-element elementor-element-9f6183d elementor-align-left elementor-icon-list--layout-traditional elementor-list-item-link-full_width elementor-widget elementor-widget-icon-list\" data-id=\"9f6183d\" data-element_type=\"widget\" data-widget_type=\"icon-list.default\">\n\t\t\t\t<div class=\"elementor-widget-container\">\n\t\t\t\t\t<ul class=\"elementor-icon-list-items\">\n\t\t\t\t\t\t\t<li class=\"elementor-icon-list-item\">\n\t\t\t\t\t\t\t\t\t\t\t<a href=\"https:\/\/www.instagram.com\/lenkanemravova\/\">\n\n\t\t\t\t\t\t\t\t\t\t\t\t<span class=\"elementor-icon-list-icon\">\n\t\t\t\t\t\t\t<i aria-hidden=\"true\" class=\"fab fa-instagram\"><\/i>\t\t\t\t\t\t<\/span>\n\t\t\t\t\t\t\t\t\t\t<span class=\"elementor-icon-list-text\">@lenkanemravova<\/span>\n\t\t\t\t\t\t\t\t\t\t\t<\/a>\n\t\t\t\t\t\t\t\t\t<\/li>\n\t\t\t\t\t\t\t\t<li class=\"elementor-icon-list-item\">\n\t\t\t\t\t\t\t\t\t\t\t<a href=\"https:\/\/www.facebook.com\/lenkanemravovacom\">\n\n\t\t\t\t\t\t\t\t\t\t\t\t<span class=\"elementor-icon-list-icon\">\n\t\t\t\t\t\t\t<i aria-hidden=\"true\" class=\"fab fa-facebook-f\"><\/i>\t\t\t\t\t\t<\/span>\n\t\t\t\t\t\t\t\t\t\t<span class=\"elementor-icon-list-text\">Kosmetick\u00fd salon Lenka Nemravov\u00e1<\/span>\n\t\t\t\t\t\t\t\t\t\t\t<\/a>\n\t\t\t\t\t\t\t\t\t<\/li>\n\t\t\t\t\t\t<\/ul>\n\t\t\t\t<\/div>\n\t\t\t\t<\/div>\n\t\t\t\t<div class=\"elementor-element elementor-element-188b833c elementor-widget elementor-widget-heading\" data-id=\"188b833c\" data-element_type=\"widget\" data-widget_type=\"heading.default\">\n\t\t\t\t<div class=\"elementor-widget-container\">\n\t\t\t<h4 class=\"elementor-heading-title elementor-size-default\">Z\u016fsta\u0148te v kontaktu<\/h4>\t\t<\/div>\n\t\t\t\t<\/div>\n\t\t\t\t<div class=\"elementor-element elementor-element-e78170e elementor-widget elementor-widget-text-editor\" data-id=\"e78170e\" data-element_type=\"widget\" data-widget_type=\"text-editor.default\">\n\t\t\t\t<div class=\"elementor-widget-container\">\n\t\t\t\t\t\t\t<p class=\"_04xlpA direction-ltr align-center para-style-body\" style=\"color: #000000; font-family: 'YADWjjR8zuM 0', _fb_, auto; --font-size: 24px; --line-height: 1.2; line-height: 28px;\">Tel.: 731 815 493 (SMS)<\/p>\t\t\t\t\t\t<\/div>\n\t\t\t\t<\/div>\n\t\t\t\t<div class=\"elementor-element elementor-element-242b6fd2 elementor-widget elementor-widget-heading\" data-id=\"242b6fd2\" data-element_type=\"widget\" data-widget_type=\"heading.default\">\n\t\t\t\t<div class=\"elementor-widget-container\">\n\t\t\t<h4 class=\"elementor-heading-title elementor-size-default\">Otev\u00edrac\u00ed doba<div>dle objedn\u00e1vek <span style=\"letter-spacing: 0px; word-spacing: 0em;\"><\/span><\/div><\/h4>\t\t<\/div>\n\t\t\t\t<\/div>\n\t\t\t\t<div class=\"elementor-element elementor-element-1d513d4 elementor-widget elementor-widget-text-editor\" data-id=\"1d513d4\" data-element_type=\"widget\" data-widget_type=\"text-editor.default\">\n\t\t\t\t<div class=\"elementor-widget-container\">\n\t\t\t\t\t\t\t<p class=\"_04xlpA direction-ltr align-center para-style-body\" style=\"color: #000000; font-family: 'YADWjjR8zuM 0', _fb_, auto; --font-size: 24px; --line-height: 1.2; line-height: 28px;\"><span class=\"JsGRdQ\">Pond\u011bl\u00ed &#8211; \u010dtvrtek. Nov\u011b i dopoledne, vybran\u00e9 p\u00e1tky v m\u011bs\u00edci.<\/span><\/p>\t\t\t\t\t\t<\/div>\n\t\t\t\t<\/div>\n\t\t\t\t\t<\/div>\n\t\t<\/div>\n\t\t\t\t<div class=\"has_eae_slider elementor-column elementor-col-33 elementor-top-column elementor-element elementor-element-804d020\" data-id=\"804d020\" data-element_type=\"column\" data-settings=\"{&quot;background_background&quot;:&quot;classic&quot;}\">\n\t\t\t<div class=\"elementor-widget-wrap elementor-element-populated\">\n\t\t\t\t\t\t\t\t<div class=\"elementor-element elementor-element-160c56d elementor-widget elementor-widget-heading\" data-id=\"160c56d\" data-element_type=\"widget\" data-widget_type=\"heading.default\">\n\t\t\t\t<div class=\"elementor-widget-container\">\n\t\t\t<h4 class=\"elementor-heading-title elementor-size-default\">Platba<\/h4>\t\t<\/div>\n\t\t\t\t<\/div>\n\t\t\t\t<div class=\"elementor-element elementor-element-25ac3ee elementor-widget elementor-widget-text-editor\" data-id=\"25ac3ee\" data-element_type=\"widget\" data-widget_type=\"text-editor.default\">\n\t\t\t\t<div class=\"elementor-widget-container\">\n\t\t\t\t\t\t\t<p class=\"_04xlpA direction-ltr align-center para-style-body\" style=\"color: #000000; font-family: 'YADWjjR8zuM 0', _fb_, auto; --font-size: 24px; --line-height: 1.2; line-height: 28px;\"><span class=\"JsGRdQ\">Platba v hotovosti, nebo<\/span><span style=\"letter-spacing: 0px; word-spacing: 0em;\">\u00a0platba okam\u017eit\u00fdm p\u0159evodem v r\u00e1mci bankovnictv\u00ed v telefonu, QR k\u00f3dem. Platba kartou na m\u00edst\u011b nelze.<\/span><\/p>\t\t\t\t\t\t<\/div>\n\t\t\t\t<\/div>\n\t\t\t\t<div class=\"elementor-element elementor-element-21386ff elementor-widget elementor-widget-heading\" data-id=\"21386ff\" data-element_type=\"widget\" data-widget_type=\"heading.default\">\n\t\t\t\t<div class=\"elementor-widget-container\">\n\t\t\t<h4 class=\"elementor-heading-title elementor-size-default\">Bankomaty v okol\u00ed<\/h4>\t\t<\/div>\n\t\t\t\t<\/div>\n\t\t\t\t<div class=\"elementor-element elementor-element-8cfb024 elementor-widget elementor-widget-text-editor\" data-id=\"8cfb024\" data-element_type=\"widget\" data-widget_type=\"text-editor.default\">\n\t\t\t\t<div class=\"elementor-widget-container\">\n\t\t\t\t\t\t\t<p class=\"_04xlpA direction-ltr align-center para-style-body\" style=\"margin-bottom: 1.714286em; letter-spacing: -0.4px; color: #000000; font-family: 'YADWjjR8zuM 0', _fb_, auto; line-height: 28px;\"><span class=\"JsGRdQ\" style=\"display: inline;\">Po prav\u00e9 stran\u011b p\u0159ed vstupem do budovy naleznete bankomat KB.<\/span><\/p><p class=\"_04xlpA direction-ltr align-center para-style-body\" style=\"margin-bottom: 1.714286em; letter-spacing: -0.4px; color: #000000; font-family: 'YADWjjR8zuM 0', _fb_, auto; line-height: 28px;\"><span class=\"JsGRdQ\" style=\"display: inline;\">Dal\u0161\u00ed bankomaty<\/span><span class=\"JsGRdQ white-space-prewrap\" style=\"display: inline;\">\u00a0\u00a0<\/span><span class=\"JsGRdQ\" style=\"display: inline;\">jsou u obchodn\u00edho domu Albert, na vlakov\u00e9m n\u00e1dra\u017e\u00ed, v RCO.<\/span><\/p>\t\t\t\t\t\t<\/div>\n\t\t\t\t<\/div>\n\t\t\t\t<div class=\"elementor-element elementor-element-b511d0c elementor-widget elementor-widget-heading\" data-id=\"b511d0c\" data-element_type=\"widget\" data-widget_type=\"heading.default\">\n\t\t\t\t<div class=\"elementor-widget-container\">\n\t\t\t<h4 class=\"elementor-heading-title elementor-size-default\">Jak se objednat?<\/h4>\t\t<\/div>\n\t\t\t\t<\/div>\n\t\t\t\t<div class=\"elementor-element elementor-element-34f5ef8 elementor-widget elementor-widget-text-editor\" data-id=\"34f5ef8\" data-element_type=\"widget\" data-widget_type=\"text-editor.default\">\n\t\t\t\t<div class=\"elementor-widget-container\">\n\t\t\t\t\t\t\t<p class=\"_04xlpA direction-ltr align-center para-style-body\" style=\"color: #000000; font-family: 'YADWjjR8zuM 0', _fb_, auto; --font-size: 24px; --line-height: 1.2; line-height: 28px;\"><span class=\"JsGRdQ\">SMS &#8211; va\u0161e jm\u00e9no, slu\u017eba, v\u00e1mi preferovan\u00e9 dny a \u010dasov\u00e9 mo\u017enosti.<\/span><\/p>\t\t\t\t\t\t<\/div>\n\t\t\t\t<\/div>\n\t\t\t\t\t<\/div>\n\t\t<\/div>\n\t\t\t\t<div class=\"has_eae_slider elementor-column elementor-col-33 elementor-top-column elementor-element elementor-element-75b240c\" data-id=\"75b240c\" data-element_type=\"column\" data-settings=\"{&quot;background_background&quot;:&quot;classic&quot;}\">\n\t\t\t<div class=\"elementor-widget-wrap elementor-element-populated\">\n\t\t\t\t\t\t\t\t<div class=\"elementor-element elementor-element-daeeb7e elementor-widget elementor-widget-heading\" data-id=\"daeeb7e\" data-element_type=\"widget\" data-widget_type=\"heading.default\">\n\t\t\t\t<div class=\"elementor-widget-container\">\n\t\t\t<h4 class=\"elementor-heading-title elementor-size-default\">Parkov\u00e1n\u00ed<\/h4>\t\t<\/div>\n\t\t\t\t<\/div>\n\t\t\t\t<div class=\"elementor-element elementor-element-c77e88b elementor-widget elementor-widget-text-editor\" data-id=\"c77e88b\" data-element_type=\"widget\" data-widget_type=\"text-editor.default\">\n\t\t\t\t<div class=\"elementor-widget-container\">\n\t\t\t\t\t\t\t<p class=\"_04xlpA direction-ltr align-center para-style-body\" style=\"color: #000000; font-family: 'YADWjjR8zuM 0', _fb_, auto; --font-size: 24px; --line-height: 1.2; line-height: 28px;\"><span class=\"JsGRdQ\">Pokud v\u00e1m nevad\u00ed proch\u00e1zka, m\u016f\u017eete zaparkovat ve 20 minut vzd\u00e1len\u00e9m OC \u0160antovka.<\/span><\/p><p class=\"_04xlpA direction-ltr align-center para-style-body\" style=\"color: #000000; font-family: 'YADWjjR8zuM 0', _fb_, auto; --font-size: 24px; --line-height: 1.2; line-height: 28px;\"><span class=\"JsGRdQ\">Parkov\u00e1n\u00ed u obchodn\u00edho centra Kaufland.<\/span><\/p><p class=\"_04xlpA direction-ltr align-center para-style-body\" style=\"color: #000000; font-family: 'YADWjjR8zuM 0', _fb_, auto; --font-size: 24px; --line-height: 1.2; line-height: 28px;\"><span class=\"JsGRdQ\">Placen\u00e9 podzemn\u00ed parkovi\u0161t\u011b v hotelu Clarion.<\/span><\/p><p class=\"_04xlpA direction-ltr align-center para-style-body\" style=\"color: #000000; font-family: 'YADWjjR8zuM 0', _fb_, auto; --font-size: 24px; --line-height: 1.2; line-height: 28px;\"><span class=\"JsGRdQ\">Placen\u00e9 podzemn\u00ed parkovi\u0161t\u011b u vlakov\u00e9ho n\u00e1dra\u017e\u00ed, venkovn\u00ed parkovi\u0161t\u011b u RCO.<\/span><\/p><p class=\"_04xlpA direction-ltr align-center para-style-body\" style=\"color: #000000; font-family: 'YADWjjR8zuM 0', _fb_, auto; --font-size: 24px; --line-height: 1.2; line-height: 28px;\"><span class=\"JsGRdQ\">A samoz\u0159ejm\u011b mo\u017enost zkusit \u0161t\u011bst\u00ed na t\u0159\u00edd\u011b Kosmonaut\u016f, nebo v p\u0159ilehl\u00fdch uli\u010dk\u00e1ch. Po\u010d\u00edtejte s \u010dasovou rezervou.<\/span><\/p>\t\t\t\t\t\t<\/div>\n\t\t\t\t<\/div>\n\t\t\t\t<div class=\"elementor-element elementor-element-2c43192 elementor-widget elementor-widget-heading\" data-id=\"2c43192\" data-element_type=\"widget\" data-widget_type=\"heading.default\">\n\t\t\t\t<div class=\"elementor-widget-container\">\n\t\t\t<h4 class=\"elementor-heading-title elementor-size-default\">Tramvajov\u00e9 zast\u00e1vky<\/h4>\t\t<\/div>\n\t\t\t\t<\/div>\n\t\t\t\t<div class=\"elementor-element elementor-element-7a1ba9f elementor-widget elementor-widget-text-editor\" data-id=\"7a1ba9f\" data-element_type=\"widget\" data-widget_type=\"text-editor.default\">\n\t\t\t\t<div class=\"elementor-widget-container\">\n\t\t\t\t\t\t\t<p class=\"_04xlpA direction-ltr align-center para-style-body\" style=\"color: #000000; font-family: 'YADWjjR8zuM 0', _fb_, auto; --font-size: 24px; --line-height: 1.2; line-height: 28px;\"><span class=\"JsGRdQ\">Vejdovsk\u00e9ho a Hlavn\u00ed n\u00e1dra\u017e\u00ed.<\/span><\/p>\t\t\t\t\t\t<\/div>\n\t\t\t\t<\/div>\n\t\t\t\t\t<\/div>\n\t\t<\/div>\n\t\t\t\t\t\t\t<\/div>\n\t\t<\/section>\n\t\t\t\t<section class=\"has_eae_slider elementor-section elementor-top-section elementor-element elementor-element-dd5846e elementor-section-full_width elementor-reverse-mobile elementor-section-content-middle elementor-section-height-default elementor-section-height-default\" data-id=\"dd5846e\" data-element_type=\"section\">\n\t\t\t\t\t\t<div class=\"elementor-container elementor-column-gap-no\">\n\t\t\t\t\t<div class=\"has_eae_slider elementor-column elementor-col-50 elementor-top-column elementor-element elementor-element-3bb945cb\" data-id=\"3bb945cb\" data-element_type=\"column\" data-settings=\"{&quot;background_background&quot;:&quot;classic&quot;}\">\n\t\t\t<div class=\"elementor-widget-wrap elementor-element-populated\">\n\t\t\t\t\t\t\t\t<div class=\"elementor-element elementor-element-5aa7fce6 elementor-widget elementor-widget-google_maps\" data-id=\"5aa7fce6\" data-element_type=\"widget\" data-widget_type=\"google_maps.default\">\n\t\t\t\t<div class=\"elementor-widget-container\">\n\t\t\t\t\t<div class=\"elementor-custom-embed\">\n\t\t\t<iframe loading=\"lazy\"\n\t\t\t\t\tsrc=\"https:\/\/maps.google.com\/maps?q=Kosmetick%C3%BD%20salon%20Lenka%20Nemravov%C3%A1%2C%20H%C3%A1lkova%20171%2F2%2C%20Olomouc&#038;t=m&#038;z=17&#038;output=embed&#038;iwloc=near\"\n\t\t\t\t\ttitle=\"Kosmetick\u00fd salon Lenka Nemravov\u00e1, H\u00e1lkova 171\/2, Olomouc\"\n\t\t\t\t\taria-label=\"Kosmetick\u00fd salon Lenka Nemravov\u00e1, H\u00e1lkova 171\/2, Olomouc\"\n\t\t\t><\/iframe>\n\t\t<\/div>\n\t\t\t\t<\/div>\n\t\t\t\t<\/div>\n\t\t\t\t\t<\/div>\n\t\t<\/div>\n\t\t\t\t<div class=\"has_eae_slider elementor-column elementor-col-50 elementor-top-column elementor-element elementor-element-7f6482f8\" data-id=\"7f6482f8\" data-element_type=\"column\">\n\t\t\t<div class=\"elementor-widget-wrap elementor-element-populated\">\n\t\t\t\t\t\t\t\t<div class=\"elementor-element elementor-element-9d82d1d elementor-widget elementor-widget-heading\" data-id=\"9d82d1d\" data-element_type=\"widget\" data-widget_type=\"heading.default\">\n\t\t\t\t<div class=\"elementor-widget-container\">\n\t\t\t<h2 class=\"elementor-heading-title elementor-size-default\">Kudy k n\u00e1m<\/h2>\t\t<\/div>\n\t\t\t\t<\/div>\n\t\t\t\t<div class=\"elementor-element elementor-element-7abf4f96 elementor-widget elementor-widget-icon-box\" data-id=\"7abf4f96\" data-element_type=\"widget\" data-widget_type=\"icon-box.default\">\n\t\t\t\t<div class=\"elementor-widget-container\">\n\t\t\t\t\t<div class=\"elementor-icon-box-wrapper\">\n\t\t\t\t\t\t<div class=\"elementor-icon-box-content\">\n\t\t\t\t<h4 class=\"elementor-icon-box-title\">\n\t\t\t\t\t<span  >\n\t\t\t\t\t\tAdresa:\t\t\t\t\t<\/span>\n\t\t\t\t<\/h4>\n\t\t\t\t\t\t\t\t\t<p class=\"elementor-icon-box-description\">\n\t\t\t\t\t\tH\u00e1lkova 171\/2, 4. patro<br>779 00  Olomouc\t\t\t\t\t<\/p>\n\t\t\t\t\t\t\t<\/div>\n\t\t<\/div>\n\t\t\t\t<\/div>\n\t\t\t\t<\/div>\n\t\t\t\t<div class=\"elementor-element elementor-element-6163b9a elementor-widget elementor-widget-image\" data-id=\"6163b9a\" data-element_type=\"widget\" data-widget_type=\"image.default\">\n\t\t\t\t<div class=\"elementor-widget-container\">\n\t\t\t\t\t\t\t\t\t\t\t\t\t\t\t<img width=\"1024\" height=\"768\" src=\"https:\/\/www.lenkanemravova.cz\/wp-content\/uploads\/2017\/11\/gfdzds-1024x768.jpg\" class=\"attachment-large size-large wp-image-348\" alt=\"\" loading=\"lazy\" srcset=\"https:\/\/www.lenkanemravova.cz\/wp-content\/uploads\/2017\/11\/gfdzds-1024x768.jpg 1024w, https:\/\/www.lenkanemravova.cz\/wp-content\/uploads\/2017\/11\/gfdzds-300x225.jpg 300w, https:\/\/www.lenkanemravova.cz\/wp-content\/uploads\/2017\/11\/gfdzds-768x576.jpg 768w, https:\/\/www.lenkanemravova.cz\/wp-content\/uploads\/2017\/11\/gfdzds-425x319.jpg 425w, https:\/\/www.lenkanemravova.cz\/wp-content\/uploads\/2017\/11\/gfdzds-350x263.jpg 350w, https:\/\/www.lenkanemravova.cz\/wp-content\/uploads\/2017\/11\/gfdzds.jpg 1200w\" sizes=\"(max-width: 1024px) 100vw, 1024px\" \/>\t\t\t\t\t\t\t\t\t\t\t\t\t\t\t<\/div>\n\t\t\t\t<\/div>\n\t\t\t\t<div class=\"elementor-element elementor-element-8ca470b elementor-widget elementor-widget-image\" data-id=\"8ca470b\" data-element_type=\"widget\" data-widget_type=\"image.default\">\n\t\t\t\t<div class=\"elementor-widget-container\">\n\t\t\t\t\t\t\t\t\t\t\t\t\t\t\t<img width=\"960\" height=\"720\" src=\"https:\/\/www.lenkanemravova.cz\/wp-content\/uploads\/2017\/11\/12799142_10205838155620760_379008565837230409_n.jpg\" class=\"attachment-large size-large wp-image-349\" alt=\"\" loading=\"lazy\" srcset=\"https:\/\/www.lenkanemravova.cz\/wp-content\/uploads\/2017\/11\/12799142_10205838155620760_379008565837230409_n.jpg 960w, https:\/\/www.lenkanemravova.cz\/wp-content\/uploads\/2017\/11\/12799142_10205838155620760_379008565837230409_n-300x225.jpg 300w, https:\/\/www.lenkanemravova.cz\/wp-content\/uploads\/2017\/11\/12799142_10205838155620760_379008565837230409_n-768x576.jpg 768w, https:\/\/www.lenkanemravova.cz\/wp-content\/uploads\/2017\/11\/12799142_10205838155620760_379008565837230409_n-425x319.jpg 425w, https:\/\/www.lenkanemravova.cz\/wp-content\/uploads\/2017\/11\/12799142_10205838155620760_379008565837230409_n-350x263.jpg 350w\" sizes=\"(max-width: 960px) 100vw, 960px\" \/>\t\t\t\t\t\t\t\t\t\t\t\t\t\t\t<\/div>\n\t\t\t\t<\/div>\n\t\t\t\t\t<\/div>\n\t\t<\/div>\n\t\t\t\t\t\t\t<\/div>\n\t\t<\/section>\n\t\t\t\t\t\t\t<\/div>\n\t\t","protected":false},"excerpt":{"rendered":"<p>Kosmetick\u00fd salon situov\u00e1n v p\u0159\u00edjemn\u00e9 bl\u00edzkosti centra a v\u0161ech dopravn\u00edch spojen\u00ed. Najdete jej zhruba 3 minuty ch\u016fz\u00ed od hl.n\u00e1dra\u017e\u00ed v Olomouci. \u00a0 Soci\u00e1ln\u00ed s\u00edt\u011b @lenkanemravova Kosmetick\u00fd salon Lenka Nemravov\u00e1 Z\u016fsta\u0148te v kontaktu Tel.: 731 815 493 (SMS) Otev\u00edrac\u00ed dobadle objedn\u00e1vek Pond\u011bl\u00ed &#8211; \u010dtvrtek. Nov\u011b i dopoledne, vybran\u00e9 p\u00e1tky v m\u011bs\u00edci. Platba Platba v hotovosti, nebo\u00a0platba okam\u017eit\u00fdm p\u0159evodem v r\u00e1mci bankovnictv\u00ed v telefonu, QR k\u00f3dem. Platba kartou na m\u00edst\u011b nelze. Bankomaty v okol\u00ed Po prav\u00e9 stran\u011b p\u0159ed vstupem do budovy naleznete bankomat KB. Dal\u0161\u00ed bankomaty\u00a0\u00a0jsou u obchodn\u00edho domu Albert, na vlakov\u00e9m n\u00e1dra\u017e\u00ed, v RCO. Jak se objednat? SMS &#8211; va\u0161e jm\u00e9no, slu\u017eba, v\u00e1mi preferovan\u00e9 dny a<a class=\"more-link\" href=\"https:\/\/www.lenkanemravova.cz\/?page_id=126\">Read More &rarr;<\/a><\/p>\n","protected":false},"author":1,"featured_media":0,"parent":0,"menu_order":0,"comment_status":"closed","ping_status":"closed","template":"","meta":[],"_links":{"self":[{"href":"https:\/\/www.lenkanemravova.cz\/index.php?rest_route=\/wp\/v2\/pages\/126"}],"collection":[{"href":"https:\/\/www.lenkanemravova.cz\/index.php?rest_route=\/wp\/v2\/pages"}],"about":[{"href":"https:\/\/www.lenkanemravova.cz\/index.php?rest_route=\/wp\/v2\/types\/page"}],"author":[{"embeddable":true,"href":"https:\/\/www.lenkanemravova.cz\/index.php?rest_route=\/wp\/v2\/users\/1"}],"replies":[{"embeddable":true,"href":"https:\/\/www.lenkanemravova.cz\/index.php?rest_route=%2Fwp%2Fv2%2Fcomments&post=126"}],"version-history":[{"count":161,"href":"https:\/\/www.lenkanemravova.cz\/index.php?rest_route=\/wp\/v2\/pages\/126\/revisions"}],"predecessor-version":[{"id":3024,"href":"https:\/\/www.lenkanemravova.cz\/index.php?rest_route=\/wp\/v2\/pages\/126\/revisions\/3024"}],"wp:attachment":[{"href":"https:\/\/www.lenkanemravova.cz\/index.php?rest_route=%2Fwp%2Fv2%2Fmedia&parent=126"}],"curies":[{"name":"wp","href":"https:\/\/api.w.org\/{rel}","templated":true}]}}