{"id":151,"date":"2017-11-07T20:43:55","date_gmt":"2017-11-07T19:43:55","guid":{"rendered":"http:\/\/lenkanemravova.com\/?page_id=151"},"modified":"2025-01-05T21:08:16","modified_gmt":"2025-01-05T20:08:16","slug":"o-nas","status":"publish","type":"page","link":"https:\/\/www.lenkanemravova.cz\/?page_id=151","title":{"rendered":"O n\u00e1s"},"content":{"rendered":"\t\t<div data-elementor-type=\"wp-page\" data-elementor-id=\"151\" class=\"elementor elementor-151\">\n\t\t\t\t\t\t\t\t\t<section class=\"has_eae_slider elementor-section elementor-top-section elementor-element elementor-element-431177db elementor-section-full_width elementor-section-height-min-height elementor-section-items-stretch elementor-section-content-middle elementor-reverse-mobile elementor-section-height-default\" data-id=\"431177db\" data-element_type=\"section\">\n\t\t\t\t\t\t<div class=\"elementor-container elementor-column-gap-no\">\n\t\t\t\t\t<div class=\"has_eae_slider elementor-column elementor-col-100 elementor-top-column elementor-element elementor-element-3a5d7fcf\" data-id=\"3a5d7fcf\" data-element_type=\"column\" data-settings=\"{&quot;background_background&quot;:&quot;classic&quot;}\">\n\t\t\t<div class=\"elementor-widget-wrap elementor-element-populated\">\n\t\t\t\t\t\t\t\t<section class=\"has_eae_slider elementor-section elementor-inner-section elementor-element elementor-element-1b716f26 elementor-section-full_width elementor-section-height-default elementor-section-height-default\" data-id=\"1b716f26\" data-element_type=\"section\">\n\t\t\t\t\t\t<div class=\"elementor-container elementor-column-gap-no\">\n\t\t\t\t\t<div class=\"has_eae_slider elementor-column elementor-col-100 elementor-inner-column elementor-element elementor-element-18bddbf0\" data-id=\"18bddbf0\" data-element_type=\"column\">\n\t\t\t<div class=\"elementor-widget-wrap elementor-element-populated\">\n\t\t\t\t\t\t\t\t<div class=\"elementor-element elementor-element-f308764 elementor-widget elementor-widget-image\" data-id=\"f308764\" data-element_type=\"widget\" data-widget_type=\"image.default\">\n\t\t\t\t<div class=\"elementor-widget-container\">\n\t\t\t\t\t\t\t\t\t\t\t\t\t\t\t<img width=\"1024\" height=\"396\" src=\"https:\/\/www.lenkanemravova.cz\/wp-content\/uploads\/2021\/05\/Snimek-obrazovky-2021-05-20-v-9.08.45-1024x396.png\" class=\"attachment-large size-large wp-image-2144\" alt=\"\" loading=\"lazy\" srcset=\"https:\/\/www.lenkanemravova.cz\/wp-content\/uploads\/2021\/05\/Snimek-obrazovky-2021-05-20-v-9.08.45-1024x396.png 1024w, https:\/\/www.lenkanemravova.cz\/wp-content\/uploads\/2021\/05\/Snimek-obrazovky-2021-05-20-v-9.08.45-300x116.png 300w, https:\/\/www.lenkanemravova.cz\/wp-content\/uploads\/2021\/05\/Snimek-obrazovky-2021-05-20-v-9.08.45-768x297.png 768w, https:\/\/www.lenkanemravova.cz\/wp-content\/uploads\/2021\/05\/Snimek-obrazovky-2021-05-20-v-9.08.45-1536x594.png 1536w, https:\/\/www.lenkanemravova.cz\/wp-content\/uploads\/2021\/05\/Snimek-obrazovky-2021-05-20-v-9.08.45-425x164.png 425w, https:\/\/www.lenkanemravova.cz\/wp-content\/uploads\/2021\/05\/Snimek-obrazovky-2021-05-20-v-9.08.45-350x135.png 350w, https:\/\/www.lenkanemravova.cz\/wp-content\/uploads\/2021\/05\/Snimek-obrazovky-2021-05-20-v-9.08.45.png 1790w\" sizes=\"(max-width: 1024px) 100vw, 1024px\" \/>\t\t\t\t\t\t\t\t\t\t\t\t\t\t\t<\/div>\n\t\t\t\t<\/div>\n\t\t\t\t<div class=\"elementor-element elementor-element-23ff3a84 elementor-widget elementor-widget-text-editor\" data-id=\"23ff3a84\" data-element_type=\"widget\" data-widget_type=\"text-editor.default\">\n\t\t\t\t<div class=\"elementor-widget-container\">\n\t\t\t\t\t\t\t<p style=\"text-align: center;\">V\u00edce n\u011b\u017e 15 let souvisl\u00e9 praxe a p\u016fsoben\u00ed v oboru p\u00e9\u010de o t\u011blo. Vystudovala jsem p\u0159\u00edm\u00e9 maturitn\u00ed zam\u011b\u0159en\u00ed Kosmetick\u00e9 slu\u017eby. N\u00e1pl\u0148 oboru obsahuje tak\u00e9 viz\u00e1\u017eistku, manik\u00faru, pedik\u00faru, depilace, prodlu\u017eov\u00e1n\u00ed \u0159as a dal\u0161\u00ed. M\u00e9 znalosti b\u011bhem \u017eivota roz\u0161\u00ed\u0159ily i zku\u0161enost\u00ed z obor\u016f jako je biofyzika, fyziologie, imunologie, derm\u00e1ln\u00ed farmakologie, genetika a dermatologie, toxikologie, mikrobiologie, anorganick\u00e1-organick\u00e1-analytick\u00e1 chemie.\u00a0<\/p><p><span style=\"letter-spacing: -0.45px;\">Pracovala jsem v zahrani\u010dn\u00edch kosmetick\u00fdch salonech. Kolem roku 2010 jsem mezi prvn\u00edmi v \u010cR, za\u010dala upravovat obo\u010d\u00ed metodou, kter\u00e1 je specifick\u00e1 pro v\u00fdchodn\u00ed zem\u011b. Odstran\u011bn\u00ed chloupk\u016f za pomoci nit\u00ed a koloristiku obo\u010d\u00ed p\u0159\u00edrodn\u00edm barvivem hennou. To v\u0161e m\u011b osobn\u011b nau\u010dily upravovat \u017eeny z v\u00fdchodn\u00edch zem\u00ed.\u00a0<\/span><span style=\"letter-spacing: -0.45px;\">P\u0159i studiu jsem se bavila estetikou i mimo salony, av\u0161ak ve form\u011b fotografie a grafiky.<\/span><\/p><p><span style=\"letter-spacing: -0.45px;\">Specializuji se na individu\u00e1ln\u00ed p\u0159\u00edstup k p\u00e9\u010di o ple\u0165 obli\u010deje a t\u011bla. Preferuji pr\u00e1ci v p\u0159irozen\u00e9m duchu k na\u0161emu t\u011blu. Vyh\u00fdb\u00e1m se nab\u00eddce slu\u017eeb, kter\u00e9 by mohly postupem \u010dasu naru\u0161it \u010di trvale zni\u010dit strukturu o\u0161et\u0159ovan\u00e9 \u010d\u00e1sti. Aktivn\u011b sleduji novinky v oboru a udr\u017euji v rovnov\u00e1ze nab\u00eddku slu\u017eeb stejn\u011b tak, jako sv\u00e9 znalosti.\u00a0<\/span><span style=\"letter-spacing: -0.45px;\">Velmi si zakl\u00e1d\u00e1m na klidu a po\u0159\u00e1dku p\u0159i sv\u00e9 pr\u00e1ci a obecn\u011b nem\u00e1m v oblib\u011b telefony. Preferuji p\u00edsemnou komunikaci. Beru svou pr\u00e1ci v\u00e1\u017en\u011b, ale nebudeme si lh\u00e1t, lidsk\u00e9 t\u011blo nen\u00ed nevy\u010derpateln\u00fd zdroj. Ka\u017ed\u00fd m\u00e1me mimo pr\u00e1ci i jin\u00e9 povinnosti, z\u00e1jmy a rodinu. Posledn\u00ed \u010das se sna\u017e\u00edm naj\u00edt spr\u00e1vn\u00fd balanc mezi prac\u00ed a voln\u00fdm \u010dasem.<\/span><\/p><p><span style=\"letter-spacing: -0.45px;\">Velmi se t\u011b\u0161\u00edm na na\u0161i spole\u010dnou cestu za zdrav\u00fdm a kr\u00e1sn\u00fdm zevn\u011bj\u0161kem.\u00a0<\/span><\/p><p><span style=\"letter-spacing: -0.45px;\">Moment\u00e1ln\u011b pracuji s francouzskou kosmetikou GERn\u00e9tic.<\/span><\/p><p><span style=\"letter-spacing: -0.45px;\">V minulosti jsem pracovala se zna\u010dkami jako jsou: \u00a0Payot, \u00a0Phyris, Decl\u00e9or, Thalgo, Pevonia Botanica, La Prairie, Juvena, Delarom, Juliette Armand, Matis Paris, 3LAB, \u00a0Sisley, Anne Marie B\u00f6rlind.<\/span><\/p><p>P\u0159i d\u0159\u00edve vykon\u00e1van\u00e9 viz\u00e1\u017eistce jsem pracovala se zna\u010dkami: Dior, Anastasia Beverly Hills, NARS, MAC, Lancome, Chanel, Este Lauder, Ardell, Urban Decay, \u00a0Bobbi Brown, Huda Beauty, Rare Beauty, Fenty Beauty, INIKA Organics, Yves Saint Laurent, Giorgio Armani, Inglot, &#8230;\u00a0<\/p>\t\t\t\t\t\t<\/div>\n\t\t\t\t<\/div>\n\t\t\t\t<div class=\"elementor-element elementor-element-9d3cd89 elementor-widget elementor-widget-image-gallery\" data-id=\"9d3cd89\" data-element_type=\"widget\" data-widget_type=\"image-gallery.default\">\n\t\t\t\t<div class=\"elementor-widget-container\">\n\t\t\t\t\t<div class=\"elementor-image-gallery\">\n\t\t\t\n\t\t\t<div id=\"151-1\" class=\"gallery gallery-151 gallery-col-4 gallery-columns-4 gallery-size-thumbnail\" itemscope itemtype=\"https:\/\/schema.org\/ImageGallery\">\n\t\t\t\t\t<figure class='gallery-item col-4' itemprop='associatedMedia' itemscope itemtype='https:\/\/schema.org\/ImageObject'>\n\t\t\t\t\t\t<div class='gallery-icon landscape'><a data-elementor-open-lightbox=\"yes\" data-elementor-lightbox-slideshow=\"9d3cd89\" data-elementor-lightbox-title=\"IMG_9296\" data-e-action-hash=\"#elementor-action%3Aaction%3Dlightbox%26settings%3DeyJpZCI6Mjk0MSwidXJsIjoiaHR0cHM6XC9cL3d3dy5sZW5rYW5lbXJhdm92YS5jelwvd3AtY29udGVudFwvdXBsb2Fkc1wvMjAyM1wvMTBcL0lNR185Mjk2LmpwZWciLCJzbGlkZXNob3ciOiI5ZDNjZDg5In0%3D\" href='https:\/\/www.lenkanemravova.cz\/wp-content\/uploads\/2023\/10\/IMG_9296.jpeg' itemprop=\"contentURL\"><img width=\"150\" height=\"150\" src=\"https:\/\/www.lenkanemravova.cz\/wp-content\/uploads\/2023\/10\/IMG_9296-150x150.jpeg\" class=\"attachment-thumbnail size-thumbnail\" alt=\"\" loading=\"lazy\" srcset=\"https:\/\/www.lenkanemravova.cz\/wp-content\/uploads\/2023\/10\/IMG_9296-150x150.jpeg 150w, https:\/\/www.lenkanemravova.cz\/wp-content\/uploads\/2023\/10\/IMG_9296-144x144.jpeg 144w\" sizes=\"(max-width: 150px) 100vw, 150px\" itemprop=\"thumbnail\" \/><\/a><\/div>\n\t\t\t\t\t<\/figure>\n\t\t\t\t\t<figure class='gallery-item col-4' itemprop='associatedMedia' itemscope itemtype='https:\/\/schema.org\/ImageObject'>\n\t\t\t\t\t\t<div class='gallery-icon landscape'><a data-elementor-open-lightbox=\"yes\" data-elementor-lightbox-slideshow=\"9d3cd89\" data-elementor-lightbox-title=\"IMG_7810\" data-e-action-hash=\"#elementor-action%3Aaction%3Dlightbox%26settings%3DeyJpZCI6MjkxNywidXJsIjoiaHR0cHM6XC9cL3d3dy5sZW5rYW5lbXJhdm92YS5jelwvd3AtY29udGVudFwvdXBsb2Fkc1wvMjAyM1wvMTBcL0lNR183ODEwLmpwZWciLCJzbGlkZXNob3ciOiI5ZDNjZDg5In0%3D\" href='https:\/\/www.lenkanemravova.cz\/wp-content\/uploads\/2023\/10\/IMG_7810.jpeg' itemprop=\"contentURL\"><img width=\"150\" height=\"150\" src=\"https:\/\/www.lenkanemravova.cz\/wp-content\/uploads\/2023\/10\/IMG_7810-150x150.jpeg\" class=\"attachment-thumbnail size-thumbnail\" alt=\"\" loading=\"lazy\" srcset=\"https:\/\/www.lenkanemravova.cz\/wp-content\/uploads\/2023\/10\/IMG_7810-150x150.jpeg 150w, https:\/\/www.lenkanemravova.cz\/wp-content\/uploads\/2023\/10\/IMG_7810-144x144.jpeg 144w\" sizes=\"(max-width: 150px) 100vw, 150px\" itemprop=\"thumbnail\" \/><\/a><\/div>\n\t\t\t\t\t<\/figure>\n\t\t\t\t\t<figure class='gallery-item col-4' itemprop='associatedMedia' itemscope itemtype='https:\/\/schema.org\/ImageObject'>\n\t\t\t\t\t\t<div class='gallery-icon landscape'><a data-elementor-open-lightbox=\"yes\" data-elementor-lightbox-slideshow=\"9d3cd89\" data-elementor-lightbox-title=\"IMG_0664\" data-e-action-hash=\"#elementor-action%3Aaction%3Dlightbox%26settings%3DeyJpZCI6MjkzNCwidXJsIjoiaHR0cHM6XC9cL3d3dy5sZW5rYW5lbXJhdm92YS5jelwvd3AtY29udGVudFwvdXBsb2Fkc1wvMjAyM1wvMTBcL0lNR18wNjY0LmpwZWciLCJzbGlkZXNob3ciOiI5ZDNjZDg5In0%3D\" href='https:\/\/www.lenkanemravova.cz\/wp-content\/uploads\/2023\/10\/IMG_0664.jpeg' itemprop=\"contentURL\"><img width=\"150\" height=\"150\" src=\"https:\/\/www.lenkanemravova.cz\/wp-content\/uploads\/2023\/10\/IMG_0664-150x150.jpeg\" class=\"attachment-thumbnail size-thumbnail\" alt=\"\" loading=\"lazy\" srcset=\"https:\/\/www.lenkanemravova.cz\/wp-content\/uploads\/2023\/10\/IMG_0664-150x150.jpeg 150w, https:\/\/www.lenkanemravova.cz\/wp-content\/uploads\/2023\/10\/IMG_0664-144x144.jpeg 144w\" sizes=\"(max-width: 150px) 100vw, 150px\" itemprop=\"thumbnail\" \/><\/a><\/div>\n\t\t\t\t\t<\/figure>\n\t\t\t\t\t<figure class='gallery-item col-4' itemprop='associatedMedia' itemscope itemtype='https:\/\/schema.org\/ImageObject'>\n\t\t\t\t\t\t<div class='gallery-icon landscape'><a data-elementor-open-lightbox=\"yes\" data-elementor-lightbox-slideshow=\"9d3cd89\" data-elementor-lightbox-title=\"8439B367-705D-4C9A-BC0D-41A82CF8951A\" data-e-action-hash=\"#elementor-action%3Aaction%3Dlightbox%26settings%3DeyJpZCI6MjQ1MiwidXJsIjoiaHR0cHM6XC9cL3d3dy5sZW5rYW5lbXJhdm92YS5jelwvd3AtY29udGVudFwvdXBsb2Fkc1wvMjAyMVwvMTJcLzg0MzlCMzY3LTcwNUQtNEM5QS1CQzBELTQxQTgyQ0Y4OTUxQS5qcGciLCJzbGlkZXNob3ciOiI5ZDNjZDg5In0%3D\" href='https:\/\/www.lenkanemravova.cz\/wp-content\/uploads\/2021\/12\/8439B367-705D-4C9A-BC0D-41A82CF8951A.jpg' itemprop=\"contentURL\"><img width=\"150\" height=\"150\" src=\"https:\/\/www.lenkanemravova.cz\/wp-content\/uploads\/2021\/12\/8439B367-705D-4C9A-BC0D-41A82CF8951A-150x150.jpg\" class=\"attachment-thumbnail size-thumbnail\" alt=\"\" loading=\"lazy\" srcset=\"https:\/\/www.lenkanemravova.cz\/wp-content\/uploads\/2021\/12\/8439B367-705D-4C9A-BC0D-41A82CF8951A-150x150.jpg 150w, https:\/\/www.lenkanemravova.cz\/wp-content\/uploads\/2021\/12\/8439B367-705D-4C9A-BC0D-41A82CF8951A-144x144.jpg 144w\" sizes=\"(max-width: 150px) 100vw, 150px\" itemprop=\"thumbnail\" \/><\/a><\/div>\n\t\t\t\t\t<\/figure>\n\t\t\t\t\t<figure class='gallery-item col-4' itemprop='associatedMedia' itemscope itemtype='https:\/\/schema.org\/ImageObject'>\n\t\t\t\t\t\t<div class='gallery-icon landscape'><a data-elementor-open-lightbox=\"yes\" data-elementor-lightbox-slideshow=\"9d3cd89\" data-elementor-lightbox-title=\"IMG_0841\" data-e-action-hash=\"#elementor-action%3Aaction%3Dlightbox%26settings%3DeyJpZCI6MzExNSwidXJsIjoiaHR0cHM6XC9cL3d3dy5sZW5rYW5lbXJhdm92YS5jelwvd3AtY29udGVudFwvdXBsb2Fkc1wvMjAyNVwvMDFcL0lNR18wODQxLmpwZWciLCJzbGlkZXNob3ciOiI5ZDNjZDg5In0%3D\" href='https:\/\/www.lenkanemravova.cz\/wp-content\/uploads\/2025\/01\/IMG_0841.jpeg' itemprop=\"contentURL\"><img width=\"150\" height=\"150\" src=\"https:\/\/www.lenkanemravova.cz\/wp-content\/uploads\/2025\/01\/IMG_0841-150x150.jpeg\" class=\"attachment-thumbnail size-thumbnail\" alt=\"\" loading=\"lazy\" srcset=\"https:\/\/www.lenkanemravova.cz\/wp-content\/uploads\/2025\/01\/IMG_0841-150x150.jpeg 150w, https:\/\/www.lenkanemravova.cz\/wp-content\/uploads\/2025\/01\/IMG_0841-144x144.jpeg 144w\" sizes=\"(max-width: 150px) 100vw, 150px\" itemprop=\"thumbnail\" \/><\/a><\/div>\n\t\t\t\t\t<\/figure>\n\t\t\t\t\t<figure class='gallery-item col-4' itemprop='associatedMedia' itemscope itemtype='https:\/\/schema.org\/ImageObject'>\n\t\t\t\t\t\t<div class='gallery-icon landscape'><a data-elementor-open-lightbox=\"yes\" data-elementor-lightbox-slideshow=\"9d3cd89\" data-elementor-lightbox-title=\"IMG_0853\" data-e-action-hash=\"#elementor-action%3Aaction%3Dlightbox%26settings%3DeyJpZCI6MzExNiwidXJsIjoiaHR0cHM6XC9cL3d3dy5sZW5rYW5lbXJhdm92YS5jelwvd3AtY29udGVudFwvdXBsb2Fkc1wvMjAyNVwvMDFcL0lNR18wODUzLmpwZWciLCJzbGlkZXNob3ciOiI5ZDNjZDg5In0%3D\" href='https:\/\/www.lenkanemravova.cz\/wp-content\/uploads\/2025\/01\/IMG_0853.jpeg' itemprop=\"contentURL\"><img width=\"150\" height=\"150\" src=\"https:\/\/www.lenkanemravova.cz\/wp-content\/uploads\/2025\/01\/IMG_0853-150x150.jpeg\" class=\"attachment-thumbnail size-thumbnail\" alt=\"\" loading=\"lazy\" srcset=\"https:\/\/www.lenkanemravova.cz\/wp-content\/uploads\/2025\/01\/IMG_0853-150x150.jpeg 150w, https:\/\/www.lenkanemravova.cz\/wp-content\/uploads\/2025\/01\/IMG_0853-144x144.jpeg 144w\" sizes=\"(max-width: 150px) 100vw, 150px\" itemprop=\"thumbnail\" \/><\/a><\/div>\n\t\t\t\t\t<\/figure>\n\t\t\t<\/div><!-- .gallery -->\n\t\t<\/div>\n\t\t\t\t<\/div>\n\t\t\t\t<\/div>\n\t\t\t\t\t<\/div>\n\t\t<\/div>\n\t\t\t\t\t\t\t<\/div>\n\t\t<\/section>\n\t\t\t\t\t<\/div>\n\t\t<\/div>\n\t\t\t\t\t\t\t<\/div>\n\t\t<\/section>\n\t\t\t\t\t\t\t<\/div>\n\t\t","protected":false},"excerpt":{"rendered":"<p>V\u00edce n\u011b\u017e 15 let souvisl\u00e9 praxe a p\u016fsoben\u00ed v oboru p\u00e9\u010de o t\u011blo. Vystudovala jsem p\u0159\u00edm\u00e9 maturitn\u00ed zam\u011b\u0159en\u00ed Kosmetick\u00e9 slu\u017eby. N\u00e1pl\u0148 oboru obsahuje tak\u00e9 viz\u00e1\u017eistku, manik\u00faru, pedik\u00faru, depilace, prodlu\u017eov\u00e1n\u00ed \u0159as a dal\u0161\u00ed. M\u00e9 znalosti b\u011bhem \u017eivota roz\u0161\u00ed\u0159ily i zku\u0161enost\u00ed z obor\u016f jako je biofyzika, fyziologie, imunologie, derm\u00e1ln\u00ed farmakologie, genetika a dermatologie, toxikologie, mikrobiologie, anorganick\u00e1-organick\u00e1-analytick\u00e1 chemie.\u00a0 Pracovala jsem v zahrani\u010dn\u00edch kosmetick\u00fdch salonech. Kolem roku 2010 jsem mezi prvn\u00edmi v \u010cR, za\u010dala upravovat obo\u010d\u00ed metodou, kter\u00e1 je specifick\u00e1 pro v\u00fdchodn\u00ed zem\u011b. Odstran\u011bn\u00ed chloupk\u016f za pomoci nit\u00ed a koloristiku obo\u010d\u00ed p\u0159\u00edrodn\u00edm barvivem hennou. To v\u0161e m\u011b osobn\u011b nau\u010dily upravovat \u017eeny z v\u00fdchodn\u00edch zem\u00ed.\u00a0P\u0159i studiu jsem se bavila estetikou<a class=\"more-link\" href=\"https:\/\/www.lenkanemravova.cz\/?page_id=151\">Read More &rarr;<\/a><\/p>\n","protected":false},"author":1,"featured_media":0,"parent":0,"menu_order":0,"comment_status":"closed","ping_status":"closed","template":"","meta":[],"_links":{"self":[{"href":"https:\/\/www.lenkanemravova.cz\/index.php?rest_route=\/wp\/v2\/pages\/151"}],"collection":[{"href":"https:\/\/www.lenkanemravova.cz\/index.php?rest_route=\/wp\/v2\/pages"}],"about":[{"href":"https:\/\/www.lenkanemravova.cz\/index.php?rest_route=\/wp\/v2\/types\/page"}],"author":[{"embeddable":true,"href":"https:\/\/www.lenkanemravova.cz\/index.php?rest_route=\/wp\/v2\/users\/1"}],"replies":[{"embeddable":true,"href":"https:\/\/www.lenkanemravova.cz\/index.php?rest_route=%2Fwp%2Fv2%2Fcomments&post=151"}],"version-history":[{"count":131,"href":"https:\/\/www.lenkanemravova.cz\/index.php?rest_route=\/wp\/v2\/pages\/151\/revisions"}],"predecessor-version":[{"id":3119,"href":"https:\/\/www.lenkanemravova.cz\/index.php?rest_route=\/wp\/v2\/pages\/151\/revisions\/3119"}],"wp:attachment":[{"href":"https:\/\/www.lenkanemravova.cz\/index.php?rest_route=%2Fwp%2Fv2%2Fmedia&parent=151"}],"curies":[{"name":"wp","href":"https:\/\/api.w.org\/{rel}","templated":true}]}}