{"id":2707,"date":"2022-09-21T13:16:43","date_gmt":"2022-09-21T11:16:43","guid":{"rendered":"https:\/\/lenkanemravova.com\/?page_id=2707"},"modified":"2025-03-08T11:04:20","modified_gmt":"2025-03-08T10:04:20","slug":"rezervace","status":"publish","type":"page","link":"https:\/\/www.lenkanemravova.cz\/?page_id=2707","title":{"rendered":"Rezervace"},"content":{"rendered":"\t\t<div data-elementor-type=\"wp-page\" data-elementor-id=\"2707\" class=\"elementor elementor-2707\">\n\t\t\t\t\t\t\t\t\t<section class=\"has_eae_slider elementor-section elementor-top-section elementor-element elementor-element-9068e01 elementor-section-boxed elementor-section-height-default elementor-section-height-default\" data-id=\"9068e01\" data-element_type=\"section\" data-settings=\"{&quot;background_background&quot;:&quot;classic&quot;}\">\n\t\t\t\t\t\t<div class=\"elementor-container elementor-column-gap-default\">\n\t\t\t\t\t<div class=\"has_eae_slider elementor-column elementor-col-100 elementor-top-column elementor-element elementor-element-4c49b1d\" data-id=\"4c49b1d\" data-element_type=\"column\">\n\t\t\t<div class=\"elementor-widget-wrap elementor-element-populated\">\n\t\t\t\t\t\t\t\t<section class=\"has_eae_slider elementor-section elementor-inner-section elementor-element elementor-element-f2ab108 elementor-section-boxed elementor-section-height-default elementor-section-height-default\" data-id=\"f2ab108\" data-element_type=\"section\">\n\t\t\t\t\t\t<div class=\"elementor-container elementor-column-gap-default\">\n\t\t\t\t\t<div class=\"has_eae_slider elementor-column elementor-col-100 elementor-inner-column elementor-element elementor-element-4a4ed22\" data-id=\"4a4ed22\" data-element_type=\"column\">\n\t\t\t<div class=\"elementor-widget-wrap elementor-element-populated\">\n\t\t\t\t\t\t\t\t<div class=\"elementor-element elementor-element-1b71cef elementor-align-center elementor-widget elementor-widget-button\" data-id=\"1b71cef\" data-element_type=\"widget\" data-widget_type=\"button.default\">\n\t\t\t\t<div class=\"elementor-widget-container\">\n\t\t\t\t\t<div class=\"elementor-button-wrapper\">\n\t\t\t<a class=\"elementor-button elementor-button-link elementor-size-sm\" href=\"https:\/\/services.bookio.com\/kosmeticky-salon-lenka-nemravova\/widget?lang=cs\">\n\t\t\t\t\t\t<span class=\"elementor-button-content-wrapper\">\n\t\t\t\t\t\t<span class=\"elementor-button-text\">Rezervujte zde<\/span>\n\t\t<\/span>\n\t\t\t\t\t<\/a>\n\t\t<\/div>\n\t\t\t\t<\/div>\n\t\t\t\t<\/div>\n\t\t\t\t<div class=\"elementor-element elementor-element-10c3041 elementor-widget elementor-widget-spacer\" data-id=\"10c3041\" data-element_type=\"widget\" data-widget_type=\"spacer.default\">\n\t\t\t\t<div class=\"elementor-widget-container\">\n\t\t\t\t\t<div class=\"elementor-spacer\">\n\t\t\t<div class=\"elementor-spacer-inner\"><\/div>\n\t\t<\/div>\n\t\t\t\t<\/div>\n\t\t\t\t<\/div>\n\t\t\t\t<div class=\"elementor-element elementor-element-4835155 elementor-widget elementor-widget-text-editor\" data-id=\"4835155\" data-element_type=\"widget\" data-widget_type=\"text-editor.default\">\n\t\t\t\t<div class=\"elementor-widget-container\">\n\t\t\t\t\t\t\t<p><strong>Ka\u017ed\u00e1 vytvo\u0159en\u00e1 rezervace \u010dek\u00e1 na schv\u00e1len\u00ed.\u00a0<\/strong><\/p><p><strong>Rezervace slu\u017eeb je z\u00e1vazn\u00e1.\u00a0<\/strong><\/p><p><strong>Zru\u0161en\u00ed nejpozd\u011bji 24 hodin p\u0159ed za\u010d\u00e1tkem slu\u017eby.<\/strong><\/p>\t\t\t\t\t\t<\/div>\n\t\t\t\t<\/div>\n\t\t\t\t\t<\/div>\n\t\t<\/div>\n\t\t\t\t\t\t\t<\/div>\n\t\t<\/section>\n\t\t\t\t\t<\/div>\n\t\t<\/div>\n\t\t\t\t\t\t\t<\/div>\n\t\t<\/section>\n\t\t\t\t\t\t\t<\/div>\n\t\t","protected":false},"excerpt":{"rendered":"<p>Rezervujte zde Ka\u017ed\u00e1 vytvo\u0159en\u00e1 rezervace \u010dek\u00e1 na schv\u00e1len\u00ed.\u00a0 Rezervace slu\u017eeb je z\u00e1vazn\u00e1.\u00a0 Zru\u0161en\u00ed nejpozd\u011bji 24 hodin p\u0159ed za\u010d\u00e1tkem slu\u017eby.<a class=\"more-link\" href=\"https:\/\/www.lenkanemravova.cz\/?page_id=2707\">Read More &rarr;<\/a><\/p>\n","protected":false},"author":1,"featured_media":0,"parent":0,"menu_order":0,"comment_status":"closed","ping_status":"closed","template":"","meta":[],"_links":{"self":[{"href":"https:\/\/www.lenkanemravova.cz\/index.php?rest_route=\/wp\/v2\/pages\/2707"}],"collection":[{"href":"https:\/\/www.lenkanemravova.cz\/index.php?rest_route=\/wp\/v2\/pages"}],"about":[{"href":"https:\/\/www.lenkanemravova.cz\/index.php?rest_route=\/wp\/v2\/types\/page"}],"author":[{"embeddable":true,"href":"https:\/\/www.lenkanemravova.cz\/index.php?rest_route=\/wp\/v2\/users\/1"}],"replies":[{"embeddable":true,"href":"https:\/\/www.lenkanemravova.cz\/index.php?rest_route=%2Fwp%2Fv2%2Fcomments&post=2707"}],"version-history":[{"count":24,"href":"https:\/\/www.lenkanemravova.cz\/index.php?rest_route=\/wp\/v2\/pages\/2707\/revisions"}],"predecessor-version":[{"id":3125,"href":"https:\/\/www.lenkanemravova.cz\/index.php?rest_route=\/wp\/v2\/pages\/2707\/revisions\/3125"}],"wp:attachment":[{"href":"https:\/\/www.lenkanemravova.cz\/index.php?rest_route=%2Fwp%2Fv2%2Fmedia&parent=2707"}],"curies":[{"name":"wp","href":"https:\/\/api.w.org\/{rel}","templated":true}]}}