{"id":509,"date":"2017-12-04T18:45:22","date_gmt":"2017-12-04T17:45:22","guid":{"rendered":"http:\/\/lenkanemravova.com\/?page_id=509"},"modified":"2022-09-19T11:14:49","modified_gmt":"2022-09-19T09:14:49","slug":"darkove-poukazy","status":"publish","type":"page","link":"https:\/\/www.lenkanemravova.cz\/?page_id=509","title":{"rendered":"D\u00e1rkov\u00e9 poukazy"},"content":{"rendered":"\t\t<div data-elementor-type=\"wp-page\" data-elementor-id=\"509\" class=\"elementor elementor-509\">\n\t\t\t\t\t\t\t\t\t<section class=\"has_eae_slider elementor-section elementor-top-section elementor-element elementor-element-6e42947c elementor-section-items-top elementor-section-height-min-height elementor-section-boxed elementor-section-height-default\" data-id=\"6e42947c\" data-element_type=\"section\" data-settings=\"{&quot;background_background&quot;:&quot;classic&quot;}\">\n\t\t\t\t\t\t<div class=\"elementor-container elementor-column-gap-default\">\n\t\t\t\t\t<div class=\"has_eae_slider elementor-column elementor-col-100 elementor-top-column elementor-element elementor-element-6ecc3e46\" data-id=\"6ecc3e46\" data-element_type=\"column\">\n\t\t\t<div class=\"elementor-widget-wrap elementor-element-populated\">\n\t\t\t\t\t\t\t\t<div class=\"elementor-element elementor-element-3bb0d6ac elementor-widget elementor-widget-heading\" data-id=\"3bb0d6ac\" data-element_type=\"widget\" data-widget_type=\"heading.default\">\n\t\t\t\t<div class=\"elementor-widget-container\">\n\t\t\t<h1 class=\"elementor-heading-title elementor-size-large\">D\u00e1rkov\u00e9 poukazy<\/h1>\t\t<\/div>\n\t\t\t\t<\/div>\n\t\t\t\t<div class=\"elementor-element elementor-element-76ad2ea9 elementor-widget elementor-widget-heading\" data-id=\"76ad2ea9\" data-element_type=\"widget\" data-widget_type=\"heading.default\">\n\t\t\t\t<div class=\"elementor-widget-container\">\n\t\t\t<h2 class=\"elementor-heading-title elementor-size-large\">Vybere si ka\u017ed\u00fd<\/h2>\t\t<\/div>\n\t\t\t\t<\/div>\n\t\t\t\t<div class=\"elementor-element elementor-element-14cf41a9 elementor-widget-divider--view-line elementor-widget elementor-widget-divider\" data-id=\"14cf41a9\" data-element_type=\"widget\" data-widget_type=\"divider.default\">\n\t\t\t\t<div class=\"elementor-widget-container\">\n\t\t\t\t\t<div class=\"elementor-divider\">\n\t\t\t<span class=\"elementor-divider-separator\">\n\t\t\t\t\t\t<\/span>\n\t\t<\/div>\n\t\t\t\t<\/div>\n\t\t\t\t<\/div>\n\t\t\t\t\t<\/div>\n\t\t<\/div>\n\t\t\t\t\t\t\t<\/div>\n\t\t<\/section>\n\t\t\t\t<section class=\"has_eae_slider elementor-section elementor-top-section elementor-element elementor-element-7125077 elementor-section-boxed elementor-section-height-default elementor-section-height-default\" data-id=\"7125077\" data-element_type=\"section\" data-settings=\"{&quot;background_background&quot;:&quot;classic&quot;}\">\n\t\t\t\t\t\t<div class=\"elementor-container elementor-column-gap-default\">\n\t\t\t\t\t<div class=\"has_eae_slider elementor-column elementor-col-100 elementor-top-column elementor-element elementor-element-8d61f16\" data-id=\"8d61f16\" data-element_type=\"column\">\n\t\t\t<div class=\"elementor-widget-wrap elementor-element-populated\">\n\t\t\t\t\t\t\t\t<div class=\"elementor-element elementor-element-2c6e49e elementor-widget elementor-widget-text-editor\" data-id=\"2c6e49e\" data-element_type=\"widget\" data-widget_type=\"text-editor.default\">\n\t\t\t\t<div class=\"elementor-widget-container\">\n\t\t\t\t\t\t\t<p style=\"margin: 3px 3px 0px; color: #000000; font-family: 'Trebuchet MS', Tahoma, Geneva, lucida, sans-serif; font-size: 16px; white-space: normal; background-color: rgba(255, 255, 255, 0.95);\">Jak zakoupit d\u00e1rkov\u00e9 poukazy &#8211; hotov\u011b v salonu, nejl\u00e9pe po p\u0159edchoz\u00ed objedn\u00e1vce term\u00ednu, kdy si poukaz chcete vyzvednout (sta\u010d\u00ed formou SMS).<\/p>\n<p style=\"margin: 3px 3px 0px; color: #000000; font-family: 'Trebuchet MS', Tahoma, Geneva, lucida, sans-serif; font-size: 16px; white-space: normal; background-color: rgba(255, 255, 255, 0.95);\">D\u00e1rkov\u00e9 poukazy lze zakoupit od minim\u00e1ln\u00ed \u010d\u00e1stky 300K\u010d a v\u00fd\u0161e.<\/p>\n<p style=\"margin: 3px 3px 0px; color: #000000; font-family: 'Trebuchet MS', Tahoma, Geneva, lucida, sans-serif; font-size: 16px; white-space: normal; background-color: rgba(255, 255, 255, 0.95);\">Dr\u017eitel d\u00e1rkov\u00e9ho poukazu m\u016f\u017ee vyu\u017e\u00edt \u010d\u00e1stku uvedenou na d\u00e1rkov\u00e9m poukazu k \u00fahrad\u011b kter\u00e9hokoliv o\u0161et\u0159en\u00ed dle aktu\u00e1ln\u00ed nab\u00eddky. P\u0159i nedostate\u010dn\u00e9 hodnot\u011b poukazu lze do dan\u00e9 \u010d\u00e1stky vybran\u00e9ho&nbsp;o\u0161et\u0159en\u00ed cenu hotov\u011b doplatit (nemus\u00edte vyb\u00edrat jen ze slu\u017eeb do v\u00fd\u0161e hodnoty poukazu), nebo naopak v\u00e1m z \u010d\u00e1stky poukazu cenu o\u0161et\u0159en\u00ed ode\u010dtu. Zbylou \u010d\u00e1stku lze vyu\u017e\u00edt p\u0159i dal\u0161\u00ed n\u00e1v\u0161t\u011bv\u011b ve lh\u016ft\u011b platnosti poukazu.&nbsp;<\/p>\n<p style=\"margin: 3px 3px 0px; color: #000000; font-family: 'Trebuchet MS', Tahoma, Geneva, lucida, sans-serif; font-size: 16px; white-space: normal; background-color: rgba(255, 255, 255, 0.95);\">P\u0159eobjedn\u00e1n\u00ed term\u00ednu nejpozd\u011bji 24 hodin p\u0159edem.<\/p>\n<p style=\"margin: 3px 3px 0px; color: #000000; font-family: 'Trebuchet MS', Tahoma, Geneva, lucida, sans-serif; font-size: 16px; white-space: normal; background-color: rgba(255, 255, 255, 0.95);\">Poukaz nelze sm\u011bnit za pen\u00edze, je ur\u010den k uplatn\u011bn\u00ed&nbsp;nab\u00edzen\u00fdch slu\u017eeb.<\/p>\n<p style=\"margin: 3px 3px 0px; color: #000000; font-family: 'Trebuchet MS', Tahoma, Geneva, lucida, sans-serif; font-size: 16px; white-space: normal; background-color: rgba(255, 255, 255, 0.95);\">Podm\u00ednky pou\u017eit\u00ed &#8211; pokud v dob\u011b platnosti hodnotov\u00e9ho d\u00e1rkov\u00e9ho poukazu nebude vy\u010derp\u00e1na jeho pln\u00e1 hodnota, z\u016fstatek se nevrac\u00ed. Poukaz propad\u00e1.&nbsp;<\/p>\n<p style=\"margin: 3px 3px 0px; color: #000000; font-family: 'Trebuchet MS', Tahoma, Geneva, lucida, sans-serif; font-size: 16px; white-space: normal; background-color: rgba(255, 255, 255, 0.95);\">Poukaz m\u00e1 dostate\u010dnou 3 m\u011bs\u00ed\u010dn\u00ed platnost. Lze si zamluvit term\u00edn s x m\u011bs\u00ed\u010dn\u00edm p\u0159edstihem, aby jste nemusely na rezervaci myslet na posledn\u00ed chv\u00edli. Na tento bod upozor\u0148uji. Nedoporu\u010duji \u0159e\u0161it platnost poukaz\u016f na posledn\u00ed chv\u00edli, dva t\u00fddny p\u0159ed koncem platnosti! Poukazy nemaj\u00ed \u017e\u00e1dnou p\u0159ednost p\u0159i objedn\u00e1vk\u00e1ch p\u0159ed ostatn\u00edmi klienty, kte\u0159\u00ed si sv\u00e9 term\u00edny v\u010das zarezervovali.&nbsp;<\/p>\n<p style=\"margin: 3px 3px 0px; color: #000000; font-family: 'Trebuchet MS', Tahoma, Geneva, lucida, sans-serif; font-size: 16px; white-space: normal; background-color: rgba(255, 255, 255, 0.95);\">&nbsp;<\/p>\n<p style=\"margin: 3px 3px 0px; color: #000000; font-family: 'Trebuchet MS', Tahoma, Geneva, lucida, sans-serif; font-size: 16px; white-space: normal; background-color: rgba(255, 255, 255, 0.95);\">Pokud jste obdr\u017eely poukaz a nevyu\u017eijete jej, ur\u010dit\u011b jej m\u016f\u017eete dle va\u0161eho rozhodnut\u00ed darovat dal\u0161\u00ed osob\u011b k vyu\u017eit\u00ed v obdob\u00ed platnosti poukazu.<\/p>\n<p style=\"margin: 3px 3px 0px; color: #000000; font-family: 'Trebuchet MS', Tahoma, Geneva, lucida, sans-serif; font-size: 16px; white-space: normal; background-color: rgba(255, 255, 255, 0.95);\">NOV\u011a: Poukazy lze uplatnit i k n\u00e1kupu zbo\u017e\u00ed.<\/p>\n<p style=\"margin: 3px 3px 0px; color: #000000; font-family: 'Trebuchet MS', Tahoma, Geneva, lucida, sans-serif; font-size: 16px; white-space: normal; background-color: rgba(255, 255, 255, 0.95);\">\n<\/p><p style=\"margin: 3px 3px 0px; color: #000000; font-family: 'Trebuchet MS', Tahoma, Geneva, lucida, sans-serif; font-size: 16px; white-space: normal; background-color: rgba(255, 255, 255, 0.95);\">Poukaz m\u016f\u017ee b\u00fdt od roku 2018 dle domluvy vyd\u00e1n p\u0159edem, nebo elektronicky s mo\u017enost\u00ed platby na \u00fa\u010det. Pokud v\u0161ak do 14 dn\u016f ode dne, kdy byl poukaz vystaven, nebude platba provedena, poukaz pod dan\u00fdm eviden\u010dn\u00edm \u010d\u00edslem zanik\u00e1 &#8211; je vylou\u010den z evidence a mo\u017enosti uplatn\u011bn\u00ed k \u010derp\u00e1n\u00ed. &nbsp;<\/p>\n<p style=\"margin: 3px 3px 0px; color: #000000; font-family: 'Trebuchet MS', Tahoma, Geneva, lucida, sans-serif; font-size: 16px; white-space: normal; background-color: rgba(255, 255, 255, 0.95);\"><br><\/p>\n<p style=\"margin: 3px 3px 0px; color: #000000; font-family: 'Trebuchet MS', Tahoma, Geneva, lucida, sans-serif; font-size: 16px; white-space: normal; background-color: rgba(255, 255, 255, 0.95);\">Upozor\u0148uji kupuj\u00edc\u00ed, \u017ee v posledn\u00edch letech nem\u00e1m kapacitu v odpoledn\u00edch term\u00ednech. Nekupujte pros\u00edm poukazy, pokud v\u00edte, \u017ee obdarovan\u00fd nem\u00e1 \u010dasov\u00e9 mo\u017enosti pro dopoledn\u00ed vyu\u017eit\u00ed.&nbsp;<\/p>\n<p style=\"margin: 3px 3px 0px; color: #000000; font-family: 'Trebuchet MS', Tahoma, Geneva, lucida, sans-serif; font-size: 16px; white-space: normal; background-color: rgba(255, 255, 255, 0.95);\">Pokud bude obdarovan\u00fdm st\u00e1l\u00fd klient, maj\u00edc\u00ed sv\u016fj st\u00e1l\u00fd \u010dasov\u00fd term\u00edn, je to samoz\u0159ejm\u011b v po\u0159\u00e1dku.&nbsp;<\/p>\n<p style=\"margin: 3px 3px 0px; color: #000000; font-family: 'Trebuchet MS', Tahoma, Geneva, lucida, sans-serif; font-size: 16px; white-space: normal; background-color: rgba(255, 255, 255, 0.95);\">\n<\/p>\t\t\t\t\t\t<\/div>\n\t\t\t\t<\/div>\n\t\t\t\t<div class=\"elementor-element elementor-element-8a4770e elementor-widget elementor-widget-image\" data-id=\"8a4770e\" data-element_type=\"widget\" data-widget_type=\"image.default\">\n\t\t\t\t<div class=\"elementor-widget-container\">\n\t\t\t\t\t\t\t\t\t\t\t\t\t\t\t<img width=\"1024\" height=\"768\" src=\"https:\/\/www.lenkanemravova.cz\/wp-content\/uploads\/2017\/12\/IMG_6321-1024x768.jpg\" class=\"attachment-large size-large wp-image-514\" alt=\"\" loading=\"lazy\" srcset=\"https:\/\/www.lenkanemravova.cz\/wp-content\/uploads\/2017\/12\/IMG_6321-1024x768.jpg 1024w, https:\/\/www.lenkanemravova.cz\/wp-content\/uploads\/2017\/12\/IMG_6321-300x225.jpg 300w, https:\/\/www.lenkanemravova.cz\/wp-content\/uploads\/2017\/12\/IMG_6321-768x576.jpg 768w, https:\/\/www.lenkanemravova.cz\/wp-content\/uploads\/2017\/12\/IMG_6321-425x319.jpg 425w, https:\/\/www.lenkanemravova.cz\/wp-content\/uploads\/2017\/12\/IMG_6321-350x263.jpg 350w\" sizes=\"(max-width: 1024px) 100vw, 1024px\" \/>\t\t\t\t\t\t\t\t\t\t\t\t\t\t\t<\/div>\n\t\t\t\t<\/div>\n\t\t\t\t<div class=\"elementor-element elementor-element-0e676d7 elementor-widget elementor-widget-image\" data-id=\"0e676d7\" data-element_type=\"widget\" data-widget_type=\"image.default\">\n\t\t\t\t<div class=\"elementor-widget-container\">\n\t\t\t\t\t\t\t\t\t\t\t\t\t\t\t<img width=\"413\" height=\"550\" src=\"https:\/\/www.lenkanemravova.cz\/wp-content\/uploads\/2017\/12\/IMG_2058-413x550.jpg\" class=\"attachment-hoot-preview size-hoot-preview wp-image-511\" alt=\"\" loading=\"lazy\" srcset=\"https:\/\/www.lenkanemravova.cz\/wp-content\/uploads\/2017\/12\/IMG_2058-413x550.jpg 413w, https:\/\/www.lenkanemravova.cz\/wp-content\/uploads\/2017\/12\/IMG_2058-225x300.jpg 225w, https:\/\/www.lenkanemravova.cz\/wp-content\/uploads\/2017\/12\/IMG_2058-768x1024.jpg 768w, https:\/\/www.lenkanemravova.cz\/wp-content\/uploads\/2017\/12\/IMG_2058-350x467.jpg 350w\" sizes=\"(max-width: 413px) 100vw, 413px\" \/>\t\t\t\t\t\t\t\t\t\t\t\t\t\t\t<\/div>\n\t\t\t\t<\/div>\n\t\t\t\t\t<\/div>\n\t\t<\/div>\n\t\t\t\t\t\t\t<\/div>\n\t\t<\/section>\n\t\t\t\t\t\t\t<\/div>\n\t\t","protected":false},"excerpt":{"rendered":"<p>D\u00e1rkov\u00e9 poukazy Vybere si ka\u017ed\u00fd Jak zakoupit d\u00e1rkov\u00e9 poukazy &#8211; hotov\u011b v salonu, nejl\u00e9pe po p\u0159edchoz\u00ed objedn\u00e1vce term\u00ednu, kdy si poukaz chcete vyzvednout (sta\u010d\u00ed formou SMS). D\u00e1rkov\u00e9 poukazy lze zakoupit od minim\u00e1ln\u00ed \u010d\u00e1stky 300K\u010d a v\u00fd\u0161e. Dr\u017eitel d\u00e1rkov\u00e9ho poukazu m\u016f\u017ee vyu\u017e\u00edt \u010d\u00e1stku uvedenou na d\u00e1rkov\u00e9m poukazu k \u00fahrad\u011b kter\u00e9hokoliv o\u0161et\u0159en\u00ed dle aktu\u00e1ln\u00ed nab\u00eddky. P\u0159i nedostate\u010dn\u00e9 hodnot\u011b poukazu lze do dan\u00e9 \u010d\u00e1stky vybran\u00e9ho&nbsp;o\u0161et\u0159en\u00ed cenu hotov\u011b doplatit (nemus\u00edte vyb\u00edrat jen ze slu\u017eeb do v\u00fd\u0161e hodnoty poukazu), nebo naopak v\u00e1m z \u010d\u00e1stky poukazu cenu o\u0161et\u0159en\u00ed ode\u010dtu. Zbylou \u010d\u00e1stku lze vyu\u017e\u00edt p\u0159i dal\u0161\u00ed n\u00e1v\u0161t\u011bv\u011b ve lh\u016ft\u011b platnosti poukazu.&nbsp; P\u0159eobjedn\u00e1n\u00ed term\u00ednu nejpozd\u011bji 24 hodin p\u0159edem. Poukaz nelze sm\u011bnit za pen\u00edze,<a class=\"more-link\" href=\"https:\/\/www.lenkanemravova.cz\/?page_id=509\">Read More &rarr;<\/a><\/p>\n","protected":false},"author":1,"featured_media":0,"parent":0,"menu_order":0,"comment_status":"closed","ping_status":"closed","template":"","meta":[],"_links":{"self":[{"href":"https:\/\/www.lenkanemravova.cz\/index.php?rest_route=\/wp\/v2\/pages\/509"}],"collection":[{"href":"https:\/\/www.lenkanemravova.cz\/index.php?rest_route=\/wp\/v2\/pages"}],"about":[{"href":"https:\/\/www.lenkanemravova.cz\/index.php?rest_route=\/wp\/v2\/types\/page"}],"author":[{"embeddable":true,"href":"https:\/\/www.lenkanemravova.cz\/index.php?rest_route=\/wp\/v2\/users\/1"}],"replies":[{"embeddable":true,"href":"https:\/\/www.lenkanemravova.cz\/index.php?rest_route=%2Fwp%2Fv2%2Fcomments&post=509"}],"version-history":[{"count":19,"href":"https:\/\/www.lenkanemravova.cz\/index.php?rest_route=\/wp\/v2\/pages\/509\/revisions"}],"predecessor-version":[{"id":2695,"href":"https:\/\/www.lenkanemravova.cz\/index.php?rest_route=\/wp\/v2\/pages\/509\/revisions\/2695"}],"wp:attachment":[{"href":"https:\/\/www.lenkanemravova.cz\/index.php?rest_route=%2Fwp%2Fv2%2Fmedia&parent=509"}],"curies":[{"name":"wp","href":"https:\/\/api.w.org\/{rel}","templated":true}]}}