{"id":550,"date":"2018-01-13T15:56:29","date_gmt":"2018-01-13T14:56:29","guid":{"rendered":"http:\/\/lenkanemravova.com\/?page_id=550"},"modified":"2019-10-01T18:33:05","modified_gmt":"2019-10-01T16:33:05","slug":"objednavky","status":"publish","type":"page","link":"https:\/\/www.lenkanemravova.cz\/?page_id=550","title":{"rendered":"Objedn\u00e1vky, podm\u00ednky, GDPR"},"content":{"rendered":"\t\t<div data-elementor-type=\"wp-page\" data-elementor-id=\"550\" class=\"elementor elementor-550\">\n\t\t\t\t\t\t\t\t\t<section class=\"has_eae_slider elementor-section elementor-top-section elementor-element elementor-element-1feb53bf elementor-section-height-full elementor-section-boxed elementor-section-height-default elementor-section-items-middle\" data-id=\"1feb53bf\" data-element_type=\"section\" data-settings=\"{&quot;background_background&quot;:&quot;classic&quot;}\">\n\t\t\t\t\t\t<div class=\"elementor-container elementor-column-gap-default\">\n\t\t\t\t\t<div class=\"has_eae_slider elementor-column elementor-col-100 elementor-top-column elementor-element elementor-element-55caf2bf\" data-id=\"55caf2bf\" data-element_type=\"column\">\n\t\t\t<div class=\"elementor-widget-wrap elementor-element-populated\">\n\t\t\t\t\t\t\t\t<div class=\"elementor-element elementor-element-55d59599 elementor-widget elementor-widget-heading\" data-id=\"55d59599\" data-element_type=\"widget\" data-widget_type=\"heading.default\">\n\t\t\t\t<div class=\"elementor-widget-container\">\n\t\t\t<h2 class=\"elementor-heading-title elementor-size-large\">Zp\u016fsoby objedn\u00e1n\u00ed\nA podm\u00ednky<\/h2>\t\t<\/div>\n\t\t\t\t<\/div>\n\t\t\t\t\t<\/div>\n\t\t<\/div>\n\t\t\t\t\t\t\t<\/div>\n\t\t<\/section>\n\t\t\t\t<section class=\"has_eae_slider elementor-section elementor-top-section elementor-element elementor-element-5201adf3 elementor-section-content-middle elementor-section-boxed elementor-section-height-default elementor-section-height-default\" data-id=\"5201adf3\" data-element_type=\"section\" data-settings=\"{&quot;background_background&quot;:&quot;classic&quot;}\">\n\t\t\t\t\t\t<div class=\"elementor-container elementor-column-gap-narrow\">\n\t\t\t\t\t<div class=\"has_eae_slider elementor-column elementor-col-100 elementor-top-column elementor-element elementor-element-658c3be1\" data-id=\"658c3be1\" data-element_type=\"column\">\n\t\t\t<div class=\"elementor-widget-wrap elementor-element-populated\">\n\t\t\t\t\t\t\t\t<div class=\"elementor-element elementor-element-7e92d9c9 elementor-widget elementor-widget-heading\" data-id=\"7e92d9c9\" data-element_type=\"widget\" data-widget_type=\"heading.default\">\n\t\t\t\t<div class=\"elementor-widget-container\">\n\t\t\t<h3 class=\"elementor-heading-title elementor-size-large\">p\u00edsemn\u011b nebo osobn\u011b <\/h3>\t\t<\/div>\n\t\t\t\t<\/div>\n\t\t\t\t<section class=\"has_eae_slider elementor-section elementor-inner-section elementor-element elementor-element-9d2b89d elementor-section-boxed elementor-section-height-default elementor-section-height-default\" data-id=\"9d2b89d\" data-element_type=\"section\">\n\t\t\t\t\t\t<div class=\"elementor-container elementor-column-gap-wide\">\n\t\t\t\t\t<div class=\"has_eae_slider elementor-column elementor-col-50 elementor-inner-column elementor-element elementor-element-121399ca\" data-id=\"121399ca\" data-element_type=\"column\">\n\t\t\t<div class=\"elementor-widget-wrap elementor-element-populated\">\n\t\t\t\t\t\t\t\t<div class=\"elementor-element elementor-element-5dd4d1d elementor-position-left elementor-view-default elementor-mobile-position-top elementor-vertical-align-top elementor-widget elementor-widget-icon-box\" data-id=\"5dd4d1d\" data-element_type=\"widget\" data-widget_type=\"icon-box.default\">\n\t\t\t\t<div class=\"elementor-widget-container\">\n\t\t\t\t\t<div class=\"elementor-icon-box-wrapper\">\n\t\t\t\t\t\t<div class=\"elementor-icon-box-icon\">\n\t\t\t\t<span  class=\"elementor-icon elementor-animation-\">\n\t\t\t\t<i aria-hidden=\"true\" class=\"far fa-building\"><\/i>\t\t\t\t<\/span>\n\t\t\t<\/div>\n\t\t\t\t\t\t<div class=\"elementor-icon-box-content\">\n\t\t\t\t<h3 class=\"elementor-icon-box-title\">\n\t\t\t\t\t<span  >\n\t\t\t\t\t\tOsobn\u011b p\u0159i Va\u0161\u00ed posledn\u00ed n\u00e1v\u0161t\u011bv\u011b\t\t\t\t\t<\/span>\n\t\t\t\t<\/h3>\n\t\t\t\t\t\t\t<\/div>\n\t\t<\/div>\n\t\t\t\t<\/div>\n\t\t\t\t<\/div>\n\t\t\t\t<div class=\"elementor-element elementor-element-456a43b5 elementor-position-left elementor-view-default elementor-mobile-position-top elementor-vertical-align-top elementor-widget elementor-widget-icon-box\" data-id=\"456a43b5\" data-element_type=\"widget\" data-widget_type=\"icon-box.default\">\n\t\t\t\t<div class=\"elementor-widget-container\">\n\t\t\t\t\t<div class=\"elementor-icon-box-wrapper\">\n\t\t\t\t\t\t<div class=\"elementor-icon-box-icon\">\n\t\t\t\t<span  class=\"elementor-icon elementor-animation-\">\n\t\t\t\t<i class=\"fa fa-facebook\" aria-hidden=\"true\"><\/i>\t\t\t\t<\/span>\n\t\t\t<\/div>\n\t\t\t\t\t\t<div class=\"elementor-icon-box-content\">\n\t\t\t\t<h3 class=\"elementor-icon-box-title\">\n\t\t\t\t\t<span  >\n\t\t\t\t\t\tFacebook \t\t\t\t\t<\/span>\n\t\t\t\t<\/h3>\n\t\t\t\t\t\t\t\t\t<p class=\"elementor-icon-box-description\">\n\t\t\t\t\t\t. \t\t\t\t\t<\/p>\n\t\t\t\t\t\t\t<\/div>\n\t\t<\/div>\n\t\t\t\t<\/div>\n\t\t\t\t<\/div>\n\t\t\t\t\t<\/div>\n\t\t<\/div>\n\t\t\t\t<div class=\"has_eae_slider elementor-column elementor-col-50 elementor-inner-column elementor-element elementor-element-cd00908\" data-id=\"cd00908\" data-element_type=\"column\">\n\t\t\t<div class=\"elementor-widget-wrap elementor-element-populated\">\n\t\t\t\t\t\t\t\t<div class=\"elementor-element elementor-element-45e8de11 elementor-position-left elementor-view-default elementor-mobile-position-top elementor-vertical-align-top elementor-widget elementor-widget-icon-box\" data-id=\"45e8de11\" data-element_type=\"widget\" data-widget_type=\"icon-box.default\">\n\t\t\t\t<div class=\"elementor-widget-container\">\n\t\t\t\t\t<div class=\"elementor-icon-box-wrapper\">\n\t\t\t\t\t\t<div class=\"elementor-icon-box-icon\">\n\t\t\t\t<span  class=\"elementor-icon elementor-animation-\">\n\t\t\t\t<i aria-hidden=\"true\" class=\"fas fa-share\"><\/i>\t\t\t\t<\/span>\n\t\t\t<\/div>\n\t\t\t\t\t\t<div class=\"elementor-icon-box-content\">\n\t\t\t\t<h3 class=\"elementor-icon-box-title\">\n\t\t\t\t\t<span  >\n\t\t\t\t\t\tEmail\t\t\t\t\t<\/span>\n\t\t\t\t<\/h3>\n\t\t\t\t\t\t\t<\/div>\n\t\t<\/div>\n\t\t\t\t<\/div>\n\t\t\t\t<\/div>\n\t\t\t\t<div class=\"elementor-element elementor-element-56ff6f02 elementor-position-left elementor-view-default elementor-mobile-position-top elementor-vertical-align-top elementor-widget elementor-widget-icon-box\" data-id=\"56ff6f02\" data-element_type=\"widget\" data-widget_type=\"icon-box.default\">\n\t\t\t\t<div class=\"elementor-widget-container\">\n\t\t\t\t\t<div class=\"elementor-icon-box-wrapper\">\n\t\t\t\t\t\t<div class=\"elementor-icon-box-icon\">\n\t\t\t\t<span  class=\"elementor-icon elementor-animation-\">\n\t\t\t\t<i aria-hidden=\"true\" class=\"fas fa-mobile-alt\"><\/i>\t\t\t\t<\/span>\n\t\t\t<\/div>\n\t\t\t\t\t\t<div class=\"elementor-icon-box-content\">\n\t\t\t\t<h3 class=\"elementor-icon-box-title\">\n\t\t\t\t\t<span  >\n\t\t\t\t\t\tSMS\t\t\t\t\t<\/span>\n\t\t\t\t<\/h3>\n\t\t\t\t\t\t\t\t\t<p class=\"elementor-icon-box-description\">\n\t\t\t\t\t\tV\u00edce informac\u00ed v lev\u00e9m menu - Kontakty\t\t\t\t\t<\/p>\n\t\t\t\t\t\t\t<\/div>\n\t\t<\/div>\n\t\t\t\t<\/div>\n\t\t\t\t<\/div>\n\t\t\t\t\t<\/div>\n\t\t<\/div>\n\t\t\t\t\t\t\t<\/div>\n\t\t<\/section>\n\t\t\t\t\t<\/div>\n\t\t<\/div>\n\t\t\t\t\t\t\t<\/div>\n\t\t<\/section>\n\t\t\t\t<section class=\"has_eae_slider elementor-section elementor-top-section elementor-element elementor-element-befbcf2 elementor-section-full_width elementor-section-height-default elementor-section-height-default\" data-id=\"befbcf2\" data-element_type=\"section\" data-settings=\"{&quot;background_background&quot;:&quot;classic&quot;}\">\n\t\t\t\t\t\t<div class=\"elementor-container elementor-column-gap-default\">\n\t\t\t\t\t<div class=\"has_eae_slider elementor-column elementor-col-100 elementor-top-column elementor-element elementor-element-77f90b89\" data-id=\"77f90b89\" data-element_type=\"column\" data-settings=\"{&quot;background_background&quot;:&quot;classic&quot;}\">\n\t\t\t<div class=\"elementor-widget-wrap elementor-element-populated\">\n\t\t\t\t\t\t\t\t<div class=\"elementor-element elementor-element-1d27a10 elementor-widget elementor-widget-heading\" data-id=\"1d27a10\" data-element_type=\"widget\" data-widget_type=\"heading.default\">\n\t\t\t\t<div class=\"elementor-widget-container\">\n\t\t\t<h2 class=\"elementor-heading-title elementor-size-default\">Z\u00e1kladn\u00ed ustanoven\u00ed<\/h2>\t\t<\/div>\n\t\t\t\t<\/div>\n\t\t\t\t<div class=\"elementor-element elementor-element-7dbe0fc elementor-widget elementor-widget-text-editor\" data-id=\"7dbe0fc\" data-element_type=\"widget\" data-widget_type=\"text-editor.default\">\n\t\t\t\t<div class=\"elementor-widget-container\">\n\t\t\t\t\t\t\t<h3>\u00a0<\/h3><p>Tyto v\u0161eobecn\u00e9 smluvn\u00ed podm\u00ednky upravuj\u00ed pr\u00e1vn\u00ed z\u00e1vazkov\u00e9 vztahy mezi poskytovatelem slu\u017eeb a prod\u00e1vaj\u00edc\u00edm produkt\u016f Lenka Nemravov\u00e1 &#8211; (slu\u017eby uveden\u00e9 na <em>www.lenkanemravova.com, <\/em>\u00a0v provozovn\u011b H\u00e1lkova 171\/2, 779 00 Olomouc) a kupuj\u00edc\u00edm poskytovan\u00fdch slu\u017eeb nebo produkt\u016f .<\/p><p>Provozovatel poskytuje kosmetick\u00e9 slu\u017eby\/manik\u00fara a pedik\u00fara\/Zprost\u0159edkov\u00e1n\u00ed obchodu a slu\u017eeb -Velkoobchod a maloobchod na z\u00e1klad\u011b platn\u00e9ho \u017eivnostensk\u00e9ho opr\u00e1vn\u011bn\u00ed a doklad\u016f osv\u011bd\u010duj\u00edc\u00edch odbornou zp\u016fsobilost k vykon\u00e1van\u00fdm \u010dinnostem.<\/p><p>Objedn\u00e1n\u00edm konkr\u00e9tn\u00edho term\u00ednu o\u0161et\u0159en\u00ed, nebo objedn\u00e1n\u00edm d\u00e1rkov\u00e9ho poukazu (osobn\u011b, Facebook, emailem, SMS) projevuje kupuj\u00edc\u00ed sv\u016fj souhlas s v\u0161eobecn\u00fdmi obchodn\u00edmi podm\u00ednkami provozovatele.<\/p><p>Nesouhlas\u00ed-li z\u00e1kazn\u00edk s t\u011bmito podm\u00ednkami, m\u00e1 mo\u017enost slu\u017eby salonu nevyu\u017e\u00edt a neobjedn\u00e1vat se.<\/p>\t\t\t\t\t\t<\/div>\n\t\t\t\t<\/div>\n\t\t\t\t<div class=\"elementor-element elementor-element-ac58c26 elementor-widget elementor-widget-heading\" data-id=\"ac58c26\" data-element_type=\"widget\" data-widget_type=\"heading.default\">\n\t\t\t\t<div class=\"elementor-widget-container\">\n\t\t\t<h2 class=\"elementor-heading-title elementor-size-default\">Objedn\u00e1vky slu\u017eeb<\/h2>\t\t<\/div>\n\t\t\t\t<\/div>\n\t\t\t\t<div class=\"elementor-element elementor-element-f476fbd elementor-widget elementor-widget-text-editor\" data-id=\"f476fbd\" data-element_type=\"widget\" data-widget_type=\"text-editor.default\">\n\t\t\t\t<div class=\"elementor-widget-container\">\n\t\t\t\t\t\t\t<h3>\u00a0<\/h3><p><strong>Term\u00edn n\u00e1v\u0161t\u011bvy<\/strong><\/p><p>Term\u00edn n\u00e1v\u0161t\u011bvy je pot\u0159eba dohodnout a rezervovat p\u0159edem (osobn\u011b p\u0159i posledn\u00ed n\u00e1v\u0161t\u011bv\u011b, P\u00cdSEMN\u011a\u00a0 &#8211; Facebook, SMS, emailem). Objednan\u00fd term\u00edn se st\u00e1v\u00e1 z\u00e1vaznou objedn\u00e1vkou.<\/p><p><strong>P\u0159eobjedn\u00e1n\u00ed<\/strong><\/p><p>Pokud se nem\u016f\u017eete v dohodnut\u00e9m term\u00ednu na proceduru dostavit, informujte o tom p\u0159edem telefonicky, SMS, osobn\u011b,\u00a0 emailem nebo na Facebook str\u00e1nk\u00e1ch studia, nejpozd\u011bji v\u0161ak 24 hodin p\u0159ed zah\u00e1jen\u00edm o\u0161et\u0159en\u00ed.<\/p><p>Pokud Va\u0161i n\u00e1v\u0161t\u011bvu nezru\u0161\u00edte s dostate\u010dn\u00fdm p\u0159edstihem bude V\u00e1m \u00fa\u010dtov\u00e1no 50% objednan\u00e9 slu\u017eby. Bohu\u017eel v tak kr\u00e1tk\u00e9m \u010dasov\u00e9m \u00faseku u\u017e nem\u00e1me mo\u017enost obsadit m\u00edsto jinou klientkou.<\/p><p><strong>Pozdn\u00ed p\u0159\u00edchod<\/strong><\/p><p>Dostav\u00edte-li se se zpo\u017ed\u011bn\u00edm, bude va\u0161e o\u0161et\u0159en\u00ed zkr\u00e1ceno, tak aby mohl b\u00fdt obslou\u017een z\u00e1kazn\u00edk, kter\u00fd je objedn\u00e1n po Va\u0161em o\u0161et\u0159en\u00ed , v \u010dase na kter\u00fd je objedn\u00e1n. V p\u0159\u00edpad\u011b v\u011bt\u0161\u00edho zpo\u017ed\u011bn\u00ed dle uv\u00e1\u017een\u00ed pracovn\u00edka, m\u016f\u017ee b\u00fdt Va\u0161e o\u0161et\u0159en\u00ed zru\u0161eno.<\/p><p><strong>D\u00e1rkov\u00e9 poukaz<\/strong><\/p><p>M\u00e1-li z\u00e1kazn\u00edk d\u00e1rkov\u00fd poukaz na konkr\u00e9tn\u00ed slu\u017ebu nebo hodnotu a nedostav\u00ed-li se bez omluvy, d\u00e1rkov\u00fd poukaz bude pova\u017eov\u00e1n za vy\u010derpan\u00fd. Je-li d\u00e1rkov\u00fd poukaz vystaven na nomin\u00e1ln\u00ed \u010d\u00e1stku, je \u010d\u00e1stka v hodnot\u011b objednan\u00e9 slu\u017eby ode\u010dtena z hodnoty certifik\u00e1tu. D\u00e1rkov\u00fd poukaz lze vy\u010derpat pouze na slu\u017eby, nelze ho vyu\u017e\u00edt na n\u00e1kup produkt\u016f. D\u00e1rkov\u00fd poukaz lze vy\u010derpat pouze po dobu jeho platnosti, kter\u00e1 je vyzna\u010dena na d\u00e1rkov\u00e9m poukazu.\u00a0 D\u00e1rkov\u00fd poukaz je platn\u00fd pouze po dobu uvedenou na poukazu. Pot\u00e9 pozb\u00fdv\u00e1 platnosti a kupuj\u00edc\u00ed nem\u00e1 n\u00e1rok na vr\u00e1cen\u00ed zaplacen\u00e9 \u010d\u00e1stky.<\/p><p>Platbu d\u00e1rkov\u00fdm poukazem je nutno nahl\u00e1sit p\u0159ed za\u010d\u00e1tkem o\u0161et\u0159en\u00ed pro ov\u011b\u0159en\u00ed platnosti. Pokud z\u00e1kazn\u00edk nenahl\u00e1s\u00ed d\u00e1rkov\u00fd poukaz p\u0159i objedn\u00e1vce o\u0161et\u0159en\u00ed, nemus\u00ed b\u00fdt akceptov\u00e1n pro platbu.<\/p><p>Nevy\u010derpanou hodnotu d\u00e1rkov\u00e9ho poukazu nelze sm\u011bnit zp\u011bt za hotovost.<\/p><p><strong>Odm\u00edtnut\u00ed slu\u017eby<\/strong><\/p><p>Procedura m\u016f\u017ee b\u00fdt odm\u00edtnuta v t\u011bchto p\u0159\u00edpadech:<\/p><ul><li>z\u00e1kazn\u00edk trp\u00ed kontraindikacemi, kter\u00e9 jsou uvedeny u o\u0161et\u0159en\u00ed<\/li><li>z\u00e1kazn\u00edk se dostav\u00ed na o\u0161et\u0159en\u00ed v podnapil\u00e9m stavu, nebo nebo pod vlivem n\u00e1vykov\u00fdch l\u00e1tek<\/li><li>z\u00e1kazn\u00edk se dostav\u00ed na o\u0161et\u0159en\u00ed se zdravotn\u00edmi probl\u00e9my<\/li><li>z\u00e1kazn\u00edk se dostav\u00ed na o\u0161et\u0159en\u00ed v nevyhovuj\u00edc\u00edm hygienick\u00e9m stavu<\/li><li>z\u00e1kazn\u00edk se projevuje nevhodn\u00fdm \u010di agresivn\u00edm chov\u00e1n\u00edm<\/li><\/ul><div>\u00a0<\/div><p><strong>Osobn\u00ed v\u011bci a cennosti<\/strong><\/p><p>Provozovatel za jak\u00e9koliv p\u0159\u00edpadn\u00e9 ztr\u00e1ty v\u011bc\u00ed klienta p\u0159ed, b\u011bhem i po procedu\u0159e neru\u010d\u00ed.<\/p><p><strong>Cen\u00edky<\/strong><\/p><p>Cen\u00edky jsou k nahl\u00e9dnut\u00ed ve studiu a na webov\u00fdch str\u00e1nk\u00e1ch provozovatele. Ceny plat\u00ed pro z\u00e1kladn\u00ed provozn\u00ed dobu v pracovn\u00edch dnech dle otev\u00edrac\u00ed doby studia, v tomto p\u0159\u00edpad\u011b otev\u0159eno dle objedn\u00e1vek. Nejsme pl\u00e1tci DPH.<\/p><p><strong>Prodej produkt\u016f<\/strong><\/p><p>Produkty lze reklamovat pouze v p\u016fvodn\u00edm balen\u00ed a neotev\u0159en\u00e9 a to v z\u00e1konn\u00e9 dob\u011b a z\u00e1konn\u00fdm zp\u016fsobem.<\/p><h3>\u00a0<\/h3>\t\t\t\t\t\t<\/div>\n\t\t\t\t<\/div>\n\t\t\t\t<div class=\"elementor-element elementor-element-72ba0e4 elementor-widget elementor-widget-heading\" data-id=\"72ba0e4\" data-element_type=\"widget\" data-widget_type=\"heading.default\">\n\t\t\t\t<div class=\"elementor-widget-container\">\n\t\t\t<h2 class=\"elementor-heading-title elementor-size-default\">Reklamace slu\u017eeb<\/h2>\t\t<\/div>\n\t\t\t\t<\/div>\n\t\t\t\t<div class=\"elementor-element elementor-element-172e12c elementor-widget elementor-widget-text-editor\" data-id=\"172e12c\" data-element_type=\"widget\" data-widget_type=\"text-editor.default\">\n\t\t\t\t<div class=\"elementor-widget-container\">\n\t\t\t\t\t\t\t<p><span style=\"font-family: 'Gilda Display', sans-serif; font-size: 17px; font-style: normal; font-variant-ligatures: normal; font-variant-caps: normal; font-weight: 400;\">P\u0159i reklamaci poskytovan\u00fdch slu\u017eeb mus\u00ed z\u00e1kazn\u00edk bezodkladn\u011b a hodnov\u011brn\u00fdm zp\u016fsobem dolo\u017eit, \u017ee p\u0159edm\u011bt reklamace souvis\u00ed s konkr\u00e9tn\u00edm pochyben\u00edm provozovatele. Reklamace se pod\u00e1v\u00e1 p\u00edsemn\u011b na adresu provozovatele. V p\u0159\u00edpad\u011b bezp\u0159edm\u011btn\u00e9 reklamace budou n\u00e1klady na jej\u00ed projedn\u00e1n\u00ed vym\u00e1h\u00e1ny po z\u00e1kazn\u00edkovi.<\/span><\/p>\t\t\t\t\t\t<\/div>\n\t\t\t\t<\/div>\n\t\t\t\t<div class=\"elementor-element elementor-element-319bffb elementor-widget elementor-widget-heading\" data-id=\"319bffb\" data-element_type=\"widget\" data-widget_type=\"heading.default\">\n\t\t\t\t<div class=\"elementor-widget-container\">\n\t\t\t<h2 class=\"elementor-heading-title elementor-size-default\">Platnost a \u00fa\u010dinnost<\/h2>\t\t<\/div>\n\t\t\t\t<\/div>\n\t\t\t\t<div class=\"elementor-element elementor-element-89265ef elementor-widget elementor-widget-text-editor\" data-id=\"89265ef\" data-element_type=\"widget\" data-widget_type=\"text-editor.default\">\n\t\t\t\t<div class=\"elementor-widget-container\">\n\t\t\t\t\t\t\t<p><span style=\"font-family: 'Gilda Display', sans-serif; font-size: 17px; font-style: normal; font-variant-ligatures: normal; font-variant-caps: normal; font-weight: 400;\">Tyto v\u0161eobecn\u00e9 obchodn\u00ed podm\u00ednky vstupuj\u00ed v platnost a \u00fa\u010dinnost dne 1.7.2015.<\/span><\/p>\t\t\t\t\t\t<\/div>\n\t\t\t\t<\/div>\n\t\t\t\t\t<\/div>\n\t\t<\/div>\n\t\t\t\t\t\t\t<\/div>\n\t\t<\/section>\n\t\t\t\t<section class=\"has_eae_slider elementor-section elementor-top-section elementor-element elementor-element-8a54099 elementor-section-full_width elementor-section-height-default elementor-section-height-default\" data-id=\"8a54099\" data-element_type=\"section\" data-settings=\"{&quot;background_background&quot;:&quot;classic&quot;}\">\n\t\t\t\t\t\t<div class=\"elementor-container elementor-column-gap-default\">\n\t\t\t\t\t<div class=\"has_eae_slider elementor-column elementor-col-100 elementor-top-column elementor-element elementor-element-d17ac5c\" data-id=\"d17ac5c\" data-element_type=\"column\" data-settings=\"{&quot;background_background&quot;:&quot;classic&quot;}\">\n\t\t\t<div class=\"elementor-widget-wrap elementor-element-populated\">\n\t\t\t\t\t\t\t\t<div class=\"elementor-element elementor-element-8d66f22 elementor-widget elementor-widget-heading\" data-id=\"8d66f22\" data-element_type=\"widget\" data-widget_type=\"heading.default\">\n\t\t\t\t<div class=\"elementor-widget-container\">\n\t\t\t<h2 class=\"elementor-heading-title elementor-size-default\">Informace o zpracov\u00e1n\u00ed osobn\u00edch \u00fadaj\u016f<\/h2>\t\t<\/div>\n\t\t\t\t<\/div>\n\t\t\t\t<div class=\"elementor-element elementor-element-422f652 elementor-widget elementor-widget-text-editor\" data-id=\"422f652\" data-element_type=\"widget\" data-widget_type=\"text-editor.default\">\n\t\t\t\t<div class=\"elementor-widget-container\">\n\t\t\t\t\t\t\t<p>Jeliko\u017e zpracov\u00e1n\u00ed osobn\u00edch \u00fadaj\u016f nebereme na lehkou v\u00e1hu, dovolte n\u00e1m, abychom V\u00e1s informovali o tom, jak\u00fdm zp\u016fsobem jsou Va\u0161e osobn\u00ed \u00fadaje v na\u0161em kosmetick\u00e9m studiu zpracov\u00e1v\u00e1ny. V\u00a0p\u0159\u00edpad\u011b jak\u00fdchkoli dotaz\u016f se na n\u00e1s nev\u00e1hejte obr\u00e1tit na n\u00ed\u017ee uveden\u00fdch kontaktech.<\/p><ol><li><strong>Lenka Nemravov\u00e1,<\/strong>\u00a0s\u00eddlo: Za Pilou 157, Bohu\u0148ovice 783 14, e-mail: lenanemravova@gmail.com, telefonn\u00ed \u010d\u00edslo: 731\u00a0815 493, (d\u00e1le jen \u201e<strong>Spr\u00e1vce<\/strong>\u201c) poskytuje v souladu s\u00a0\u010dl. 12 a n\u00e1sl. Na\u0159\u00edzen\u00ed Evropsk\u00e9ho parlamentu a Rady (EU) \u010d. 2016\/679 ze dne 27. dubna 2016, obecn\u00e9ho na\u0159\u00edzen\u00ed o ochran\u011b osobn\u00edch \u00fadaj\u016f (d\u00e1le jen \u201e<strong>Na\u0159\u00edzen\u00ed<\/strong>\u201c), <strong>informace o zpracov\u00e1n\u00ed osobn\u00edch \u00fadaj\u016f<\/strong> a o pr\u00e1vech subjektu \u00fadaj\u016f souvisej\u00edc\u00edch s\u00a0jejich zpracov\u00e1n\u00edm.<\/li><li>Spr\u00e1vce zpracov\u00e1v\u00e1 osobn\u00ed \u00fadaje subjekt\u016f \u00fadaj\u016f pro \u00fa\u010dely poskytov\u00e1n\u00ed slu\u017eeb kosmetick\u00e9ho studia (zejm. o\u0161et\u0159en\u00ed pleti, p\u00e9\u010de o ruce a nohy, depilace t\u011bla, \u00faprava \u0159as a p\u0159\u00edstrojov\u00e1 o\u0161et\u0159en\u00ed aj.) (d\u00e1le jen \u201eSlu\u017eby\u201c) a za \u00fa\u010delem souvisej\u00edc\u00edm s\u00a0poskytov\u00e1n\u00edm Slu\u017eeb (evidence klient\u016f, kontraindikace, ochrana pr\u00e1vn\u00edch n\u00e1rok\u016f Spr\u00e1vce, p\u0159\u00edm\u00fd marketing a dal\u0161\u00ed).<\/li><li>Pr\u00e1vn\u00edm z\u00e1kladem pro zpracov\u00e1n\u00ed osobn\u00edch \u00fadaj\u016f je zejm\u00e9na:<ol><li>pln\u011bn\u00ed smlouvy,<\/li><li>souhlas se zpracov\u00e1n\u00edm zvl\u00e1\u0161tn\u00edch kategori\u00ed osobn\u00edch \u00fadaj\u016f,<\/li><li>a opr\u00e1vn\u011bn\u00fd z\u00e1jem spr\u00e1vce.<\/li><\/ol><\/li><li>Pro realizaci smlouvy o poskytov\u00e1n\u00ed Slu\u017eeb je nutn\u00e9 zpracovat tyto osobn\u00ed \u00fadaje:<ol><li>jm\u00e9no a p\u0159\u00edjmen\u00ed,<\/li><li>e-mailov\u00e1 adresa,<\/li><li>telefonn\u00ed \u010d\u00edslo,<\/li><li>ve\u0159ejn\u00fd facebookov\u00fd profil,<\/li><li>informace souvisej\u00edc\u00ed s\u00a0poskytov\u00e1n\u00edm slu\u017eeb (historie n\u00e1v\u0161t\u011bv, procedury, pou\u017eit\u00e9 produkty).<\/li><\/ol><\/li><li>Na z\u00e1klad\u011b souhlasu subjektu \u00fadaj\u016f jsou zpracov\u00e1v\u00e1ny zvl\u00e1\u0161tn\u00ed kategorie osobn\u00edch \u00fadaj\u016f: \u00fadaje o zdravotn\u00edm stavu (alergie a jin\u00e9 z\u00e1sadn\u00ed informace o zdravotn\u00edm stavu souvisej\u00edc\u00ed s\u00a0poskytov\u00e1n\u00edm slu\u017eeb).<\/li><li>Na z\u00e1klad\u011b opr\u00e1vn\u011bn\u00e9ho z\u00e1jmu jsou zpracov\u00e1v\u00e1ny osobn\u00ed \u00fadaje za \u00fa\u010delem p\u0159\u00edm\u00e9ho marketingu slu\u017eeb a zbo\u017e\u00ed st\u00e1vaj\u00edc\u00edm z\u00e1kazn\u00edk\u016fm (d\u00e1rkov\u00e9 poukazy, kosmetick\u00e9 produkty aj.).<\/li><li>Osobn\u00ed \u00fadaje nebudou p\u0159ed\u00e1v\u00e1ny t\u0159et\u00edm osob\u00e1m s\u00a0v\u00fdjimkou p\u0159\u00edpadn\u00e9 povinnosti p\u0159ed\u00e1n\u00ed osobn\u00edch \u00fadaj\u016f plynouc\u00ed ze z\u00e1kona. Osobn\u00ed \u00fadaje nebudou p\u0159ed\u00e1v\u00e1ny do t\u0159et\u00ed zem\u011b.<\/li><li>Spr\u00e1vce nevyu\u017e\u00edv\u00e1 slu\u017eeb extern\u00edch zpracovatel\u016f. V\u00a0p\u0159\u00edpad\u011b, \u017ee by takov\u00fdch slu\u017eeb do budoucna vyu\u017eil, pov\u011b\u0159\u00ed zpracovatele povinnostmi dle \u010dl. 28 a n\u00e1sl. Na\u0159\u00edzen\u00ed.<\/li><li>Spr\u00e1vce bude osobn\u00ed \u00fadaje zpracov\u00e1vat a uchov\u00e1vat po dobu trv\u00e1n\u00ed \u00fa\u010delu zpracov\u00e1n\u00ed specifikovan\u00e9m v\u00a0\u010dl. 2 t\u00e9to informace, po skon\u010den\u00ed trv\u00e1n\u00ed \u00fa\u010delu zpracov\u00e1n\u00ed budou osobn\u00ed \u00fadaje vymaz\u00e1ny do 3 m\u011bs\u00edc\u016f.<\/li><li>Spr\u00e1vce d\u00e1le informuje subjekt osobn\u00edch \u00fadaj\u016f o pr\u00e1vu:<ol><li>na p\u0159\u00edstup k osobn\u00edm \u00fadaj\u016fm,<\/li><li>po\u017eadovat opravu nebo v\u00fdmaz sv\u00fdch osobn\u00edch \u00fadaj\u016f,<\/li><li>odvolat souhlas se zpracov\u00e1n\u00edm osobn\u00edch \u00fadaj\u016f,<\/li><li>pr\u00e1vu vzn\u00e9st u\u00a0Spr\u00e1vce n\u00e1mitku ohledn\u011b zpracov\u00e1n\u00ed jeho osobn\u00edch \u00fadaj\u016f.<\/li><\/ol><\/li><li>Dozorov\u00fdm \u00fa\u0159adem pro oblast ochrany osobn\u00edch \u00fadaj\u016f je \u00da\u0159ad pro ochranu osobn\u00edch \u00fadaj\u016f, u kter\u00e9ho m\u016f\u017ee subjekt podat st\u00ed\u017enost na zpracov\u00e1n\u00ed osobn\u00edch \u00fadaj\u016f. Pokud by byly osobn\u00ed \u00fadaje subjekt\u016f \u00fadaj\u016f poru\u0161eny, m\u00e1 Spr\u00e1vce povinnost informovat subjekt \u00fadaj\u016f dle \u010dl. 34 Na\u0159\u00edzen\u00ed.<\/li><li>Spr\u00e1vce si vyhrazuje mo\u017enost aktualizace t\u00e9to informace o zpracov\u00e1n\u00ed osobn\u00edch \u00fadaj\u016f. Aktu\u00e1ln\u00ed verze bude dostupn\u00e1 na internetov\u00fdch str\u00e1nk\u00e1ch Spr\u00e1vce a v\u00a0jeho provozovn\u011b. Pros\u00edme, pravideln\u011b se informujte o zpracov\u00e1n\u00ed Va\u0161ich osobn\u00edch \u00fadaj\u016f.<\/li><\/ol><p>V\u00a0Olomouci dne 19.09.2019<\/p>\t\t\t\t\t\t<\/div>\n\t\t\t\t<\/div>\n\t\t\t\t\t<\/div>\n\t\t<\/div>\n\t\t\t\t\t\t\t<\/div>\n\t\t<\/section>\n\t\t\t\t\t\t\t<\/div>\n\t\t","protected":false},"excerpt":{"rendered":"<p>Zp\u016fsoby objedn\u00e1n\u00ed A podm\u00ednky p\u00edsemn\u011b nebo osobn\u011b Osobn\u011b p\u0159i Va\u0161\u00ed posledn\u00ed n\u00e1v\u0161t\u011bv\u011b Facebook . Email SMS V\u00edce informac\u00ed v lev\u00e9m menu &#8211; Kontakty Z\u00e1kladn\u00ed ustanoven\u00ed \u00a0 Tyto v\u0161eobecn\u00e9 smluvn\u00ed podm\u00ednky upravuj\u00ed pr\u00e1vn\u00ed z\u00e1vazkov\u00e9 vztahy mezi poskytovatelem slu\u017eeb a prod\u00e1vaj\u00edc\u00edm produkt\u016f Lenka Nemravov\u00e1 &#8211; (slu\u017eby uveden\u00e9 na www.lenkanemravova.com, \u00a0v provozovn\u011b H\u00e1lkova 171\/2, 779 00 Olomouc) a kupuj\u00edc\u00edm poskytovan\u00fdch slu\u017eeb nebo produkt\u016f . Provozovatel poskytuje kosmetick\u00e9 slu\u017eby\/manik\u00fara a pedik\u00fara\/Zprost\u0159edkov\u00e1n\u00ed obchodu a slu\u017eeb -Velkoobchod a maloobchod na z\u00e1klad\u011b platn\u00e9ho \u017eivnostensk\u00e9ho opr\u00e1vn\u011bn\u00ed a doklad\u016f osv\u011bd\u010duj\u00edc\u00edch odbornou zp\u016fsobilost k vykon\u00e1van\u00fdm \u010dinnostem. Objedn\u00e1n\u00edm konkr\u00e9tn\u00edho term\u00ednu o\u0161et\u0159en\u00ed, nebo objedn\u00e1n\u00edm d\u00e1rkov\u00e9ho poukazu (osobn\u011b, Facebook, emailem, SMS) projevuje kupuj\u00edc\u00ed sv\u016fj souhlas s v\u0161eobecn\u00fdmi obchodn\u00edmi<a class=\"more-link\" href=\"https:\/\/www.lenkanemravova.cz\/?page_id=550\">Read More &rarr;<\/a><\/p>\n","protected":false},"author":1,"featured_media":0,"parent":0,"menu_order":0,"comment_status":"closed","ping_status":"closed","template":"templates\/builder-fullwidth-std.php","meta":[],"_links":{"self":[{"href":"https:\/\/www.lenkanemravova.cz\/index.php?rest_route=\/wp\/v2\/pages\/550"}],"collection":[{"href":"https:\/\/www.lenkanemravova.cz\/index.php?rest_route=\/wp\/v2\/pages"}],"about":[{"href":"https:\/\/www.lenkanemravova.cz\/index.php?rest_route=\/wp\/v2\/types\/page"}],"author":[{"embeddable":true,"href":"https:\/\/www.lenkanemravova.cz\/index.php?rest_route=\/wp\/v2\/users\/1"}],"replies":[{"embeddable":true,"href":"https:\/\/www.lenkanemravova.cz\/index.php?rest_route=%2Fwp%2Fv2%2Fcomments&post=550"}],"version-history":[{"count":18,"href":"https:\/\/www.lenkanemravova.cz\/index.php?rest_route=\/wp\/v2\/pages\/550\/revisions"}],"predecessor-version":[{"id":1097,"href":"https:\/\/www.lenkanemravova.cz\/index.php?rest_route=\/wp\/v2\/pages\/550\/revisions\/1097"}],"wp:attachment":[{"href":"https:\/\/www.lenkanemravova.cz\/index.php?rest_route=%2Fwp%2Fv2%2Fmedia&parent=550"}],"curies":[{"name":"wp","href":"https:\/\/api.w.org\/{rel}","templated":true}]}}