{"id":90,"date":"2017-11-04T19:35:31","date_gmt":"2017-11-04T18:35:31","guid":{"rendered":"http:\/\/www.lenkanemravova.com\/?page_id=90"},"modified":"2025-03-08T14:01:27","modified_gmt":"2025-03-08T13:01:27","slug":"pedikura","status":"publish","type":"page","link":"https:\/\/www.lenkanemravova.cz\/?page_id=90","title":{"rendered":"Pedik\u00fara"},"content":{"rendered":"\t\t<div data-elementor-type=\"wp-page\" data-elementor-id=\"90\" class=\"elementor elementor-90\">\n\t\t\t\t\t\t\t\t\t<section class=\"has_eae_slider elementor-section elementor-top-section elementor-element elementor-element-1ec97b38 elementor-section-items-stretch elementor-section-height-min-height elementor-section-boxed elementor-section-height-default\" data-id=\"1ec97b38\" data-element_type=\"section\" data-settings=\"{&quot;background_background&quot;:&quot;classic&quot;}\">\n\t\t\t\t\t\t<div class=\"elementor-container elementor-column-gap-no\">\n\t\t\t\n\t<script type=\"text\/javascript\">\n\t\t\n\t\tjQuery(document).ready(function ($) {\n\t\t\tvar elementSelector = \".elementor-element-7ed4192\";\n\t\t\tvar $element = jQuery(elementSelector);\n\n\t\t\t\/\/ Adding the HTML structure\n\t\t\t$element.prepend('<div class=\"eae-section-bs\"><div class=\"eae-section-bs-inner\"><\/div><\/div>');\n\n\t\t\t\/\/ Initialize vegas background slider\n\t\t\t$element.children('.eae-section-bs').children('.eae-section-bs-inner').vegas({\n\t\t\t\tslides: [{\"src\":\"https:\\\/\\\/www.lenkanemravova.cz\\\/wp-content\\\/uploads\\\/2018\\\/01\\\/maxresdefault.jpg\"}],\n\t\t\t\ttransition: 'fade',\n\t\t\t\tanimation: 'kenburns',\n\t\t\t\toverlay: 'https:\/\/www.lenkanemravova.cz\/wp-content\/plugins\/addon-elements-for-elementor-page-builder\/\/assets\/lib\/vegas\/overlays\/00.png',\n\t\t\t\tcover: true,\n\t\t\t\tdelay: 5000,\n\t\t\t\ttimer: true\t\t\t});\n\t\t\t\n\n\t\t\t\/\/ Clear the overlay if custom overlay switcher is set to 'yes'\n\t\t\tif ('yes' === 'yes') {\n\t\t\t\t$element.find('.vegas-overlay').css('background-image', '');\n\t\t\t}\n\t\t});\n\t<\/script>\n\t\t\t\t<div class=\"has_eae_slider elementor-column elementor-col-100 elementor-top-column elementor-element elementor-element-7ed4192\" data-id=\"7ed4192\" data-element_type=\"column\">\n\t\t\t<div class=\"elementor-widget-wrap\">\n\t\t\t\t\t\t\t\t\t<\/div>\n\t\t<\/div>\n\t\t\t\t\t\t\t<\/div>\n\t\t<\/section>\n\t\t\t\t<section class=\"has_eae_slider elementor-section elementor-top-section elementor-element elementor-element-7a2933e0 elementor-section-boxed elementor-section-height-default elementor-section-height-default\" data-id=\"7a2933e0\" data-element_type=\"section\" data-settings=\"{&quot;background_background&quot;:&quot;classic&quot;}\">\n\t\t\t\t\t\t<div class=\"elementor-container elementor-column-gap-no\">\n\t\t\t\t\t<div class=\"has_eae_slider elementor-column elementor-col-100 elementor-top-column elementor-element elementor-element-215ea171\" data-id=\"215ea171\" data-element_type=\"column\">\n\t\t\t<div class=\"elementor-widget-wrap elementor-element-populated\">\n\t\t\t\t\t\t\t\t<div class=\"elementor-element elementor-element-28ff0072 elementor-widget elementor-widget-text-editor\" data-id=\"28ff0072\" data-element_type=\"widget\" data-widget_type=\"text-editor.default\">\n\t\t\t\t<div class=\"elementor-widget-container\">\n\t\t\t\t\t\t\t<p>Pedik\u00fara je prov\u00e1d\u011bna kvalitn\u00edmi p\u0159\u00edpavky jako jsou italsk\u00e9 produkty CND, Cuccio, Podopharm a americk\u00e1 zna\u010dka Footlogix. Produkty vol\u00edm individu\u00e1ln\u011b dle stavu nohou.\u00a0 Ji\u017e od \u0161koln\u00edch lavic byla mou volbou pedik\u00fara, kter\u00e1 je neskute\u010dn\u011b n\u00e1pomocn\u00e1, o\u010distn\u00e1 a z\u00e1rove\u0148 i estetick\u00e1.\u00a0<\/p><p>Metoda o\u0161et\u0159en\u00ed dle individu\u00e1ln\u00edch pot\u0159eb &#8211; mokr\u00e1, kombinovan\u00e1, wellness.\u00a0<\/p>\t\t\t\t\t\t<\/div>\n\t\t\t\t<\/div>\n\t\t\t\t\t<\/div>\n\t\t<\/div>\n\t\t\t\t\t\t\t<\/div>\n\t\t<\/section>\n\t\t\t\t<section class=\"has_eae_slider elementor-section elementor-top-section elementor-element elementor-element-0004cb9 elementor-section-boxed elementor-section-height-default elementor-section-height-default\" data-id=\"0004cb9\" data-element_type=\"section\" data-settings=\"{&quot;background_background&quot;:&quot;classic&quot;}\">\n\t\t\t\t\t\t<div class=\"elementor-container elementor-column-gap-default\">\n\t\t\t\t\t<div class=\"has_eae_slider elementor-column elementor-col-100 elementor-top-column elementor-element elementor-element-b2c3382\" data-id=\"b2c3382\" data-element_type=\"column\">\n\t\t\t<div class=\"elementor-widget-wrap elementor-element-populated\">\n\t\t\t\t\t\t\t\t<div class=\"elementor-element elementor-element-5ea1e4d elementor-widget elementor-widget-heading\" data-id=\"5ea1e4d\" data-element_type=\"widget\" data-widget_type=\"heading.default\">\n\t\t\t\t<div class=\"elementor-widget-container\">\n\t\t\t<h2 class=\"elementor-heading-title elementor-size-default\">Cen\u00edk slu\u017eby<\/h2>\t\t<\/div>\n\t\t\t\t<\/div>\n\t\t\t\t\t<\/div>\n\t\t<\/div>\n\t\t\t\t\t\t\t<\/div>\n\t\t<\/section>\n\t\t\t\t<section class=\"has_eae_slider elementor-section elementor-top-section elementor-element elementor-element-90f85fb elementor-section-boxed elementor-section-height-default elementor-section-height-default\" data-id=\"90f85fb\" data-element_type=\"section\" data-settings=\"{&quot;background_background&quot;:&quot;classic&quot;}\">\n\t\t\t\t\t\t<div class=\"elementor-container elementor-column-gap-default\">\n\t\t\t\t\t<div class=\"has_eae_slider elementor-column elementor-col-100 elementor-top-column elementor-element elementor-element-e1c649b\" data-id=\"e1c649b\" data-element_type=\"column\">\n\t\t\t<div class=\"elementor-widget-wrap elementor-element-populated\">\n\t\t\t\t\t\t\t\t<div class=\"elementor-element elementor-element-a08d912 elementor-widget elementor-widget-price-list\" data-id=\"a08d912\" data-element_type=\"widget\" data-widget_type=\"price-list.default\">\n\t\t\t\t<div class=\"elementor-widget-container\">\n\t\t\t\n\t\t<ul class=\"elementor-price-list\">\n\n\t\t\t\t\t\t\t\t\t<li><a class=\"elementor-price-list-item\" href=\"#\">\t\t\t\t\n\t\t\t\t<div class=\"elementor-price-list-text\">\n\t\t\t\t\t\t\t\t\t<div class=\"elementor-price-list-header\">\n\t\t\t\t\t\t\t\t\t\t\t<span class=\"elementor-price-list-title\">\n\t\t\t\t\t\t\tHygienick\u00e1 pedik\u00fara \t\t\t\t\t\t<\/span>\n\t\t\t\t\t\t\t\t\t\t\t\t\t\t\t\t\t\t<span class=\"elementor-price-list-separator\"><\/span>\n\t\t\t\t\t\t\t\t\t\t\t\t\t\t\t\t\t\t\t<span class=\"elementor-price-list-price\">750 K\u010d<\/span>\n\t\t\t\t\t\t\t\t\t\t<\/div>\n\t\t\t\t\t\t\t\t\t\t\t\t\t\t\t<p class=\"elementor-price-list-description\">\n\t\t\t\t\t\t\ttj. miner\u00e1ln\u00ed \u010di hydrata\u010dn\u00ed koupel, o\u0161et\u0159en\u00ed mozol\u016f a zrohovat\u011bl\u00e9 k\u016f\u017ee, o\u0161et\u0159en\u00ed neht\u016f a okol\u00ed, zapracov\u00e1n\u00ed regenera\u010dn\u00edho kr\u00e9mu, lakov\u00e1n\u00ed CND VINYLUX dle p\u0159\u00e1n\u00ed<br>\u010cistota, steriln\u00ed n\u00e1stroje, soukrom\u00ed.\n<br>\nZna\u010dky: CND, Footlogix, Cuccio, Podopharm\t\t\t\t\t\t<\/p>\n\t\t\t\t\t\t\t\t<\/div>\n\t\t\t\t<\/a><\/li>\t\t\t\t\t\t\t\t\t\t\t\t<li><a class=\"elementor-price-list-item\" href=\"#\">\t\t\t\t\n\t\t\t\t<div class=\"elementor-price-list-text\">\n\t\t\t\t\t\t\t\t\t<div class=\"elementor-price-list-header\">\n\t\t\t\t\t\t\t\t\t\t\t<span class=\"elementor-price-list-title\">\n\t\t\t\t\t\t\tPedik\u00fara a CND Shellac\t\t\t\t\t\t<\/span>\n\t\t\t\t\t\t\t\t\t\t\t\t\t\t\t\t\t\t<span class=\"elementor-price-list-separator\"><\/span>\n\t\t\t\t\t\t\t\t\t\t\t\t\t\t\t\t\t\t\t<span class=\"elementor-price-list-price\">1200 K\u010d<\/span>\n\t\t\t\t\t\t\t\t\t\t<\/div>\n\t\t\t\t\t\t\t\t\t\t\t\t<\/div>\n\t\t\t\t<\/a><\/li>\t\t\t\t\t\n\t\t<\/ul>\n\n\t\t\t\t<\/div>\n\t\t\t\t<\/div>\n\t\t\t\t\t<\/div>\n\t\t<\/div>\n\t\t\t\t\t\t\t<\/div>\n\t\t<\/section>\n\t\t\t\t<section class=\"has_eae_slider elementor-section elementor-top-section elementor-element elementor-element-0102f7d elementor-section-boxed elementor-section-height-default elementor-section-height-default\" data-id=\"0102f7d\" data-element_type=\"section\" data-settings=\"{&quot;background_background&quot;:&quot;classic&quot;}\">\n\t\t\t\t\t\t<div class=\"elementor-container elementor-column-gap-default\">\n\t\t\t\t\t<div class=\"has_eae_slider elementor-column elementor-col-100 elementor-top-column elementor-element elementor-element-4fd8fc2\" data-id=\"4fd8fc2\" data-element_type=\"column\">\n\t\t\t<div class=\"elementor-widget-wrap elementor-element-populated\">\n\t\t\t\t\t\t\t\t<div class=\"elementor-element elementor-element-80a4525 elementor-widget elementor-widget-image\" data-id=\"80a4525\" data-element_type=\"widget\" data-widget_type=\"image.default\">\n\t\t\t\t<div class=\"elementor-widget-container\">\n\t\t\t\t\t\t\t\t\t\t\t\t\t\t\t<img width=\"1024\" height=\"768\" src=\"https:\/\/www.lenkanemravova.cz\/wp-content\/uploads\/2017\/11\/IMG_6951-1024x768.jpg\" class=\"attachment-large size-large wp-image-467\" alt=\"\" loading=\"lazy\" srcset=\"https:\/\/www.lenkanemravova.cz\/wp-content\/uploads\/2017\/11\/IMG_6951-1024x768.jpg 1024w, https:\/\/www.lenkanemravova.cz\/wp-content\/uploads\/2017\/11\/IMG_6951-300x225.jpg 300w, https:\/\/www.lenkanemravova.cz\/wp-content\/uploads\/2017\/11\/IMG_6951-768x576.jpg 768w, https:\/\/www.lenkanemravova.cz\/wp-content\/uploads\/2017\/11\/IMG_6951-425x319.jpg 425w, https:\/\/www.lenkanemravova.cz\/wp-content\/uploads\/2017\/11\/IMG_6951-350x263.jpg 350w\" sizes=\"(max-width: 1024px) 100vw, 1024px\" \/>\t\t\t\t\t\t\t\t\t\t\t\t\t\t\t<\/div>\n\t\t\t\t<\/div>\n\t\t\t\t\t<\/div>\n\t\t<\/div>\n\t\t\t\t\t\t\t<\/div>\n\t\t<\/section>\n\t\t\t\t<section class=\"has_eae_slider elementor-section elementor-top-section elementor-element elementor-element-f906fb7 elementor-section-boxed elementor-section-height-default elementor-section-height-default\" data-id=\"f906fb7\" data-element_type=\"section\" data-settings=\"{&quot;background_background&quot;:&quot;classic&quot;}\">\n\t\t\t\t\t\t<div class=\"elementor-container elementor-column-gap-default\">\n\t\t\t\t\t<div class=\"has_eae_slider elementor-column elementor-col-100 elementor-top-column elementor-element elementor-element-3f0049d\" data-id=\"3f0049d\" data-element_type=\"column\">\n\t\t\t<div class=\"elementor-widget-wrap elementor-element-populated\">\n\t\t\t\t\t\t\t\t<div class=\"elementor-element elementor-element-1ae9683 elementor-widget elementor-widget-image\" data-id=\"1ae9683\" data-element_type=\"widget\" data-widget_type=\"image.default\">\n\t\t\t\t<div class=\"elementor-widget-container\">\n\t\t\t\t\t\t\t\t\t\t\t\t\t\t\t<img width=\"640\" height=\"634\" src=\"https:\/\/www.lenkanemravova.cz\/wp-content\/uploads\/2025\/03\/IMG_8270.jpeg\" class=\"attachment-large size-large wp-image-3135\" alt=\"\" loading=\"lazy\" srcset=\"https:\/\/www.lenkanemravova.cz\/wp-content\/uploads\/2025\/03\/IMG_8270.jpeg 640w, https:\/\/www.lenkanemravova.cz\/wp-content\/uploads\/2025\/03\/IMG_8270-300x297.jpeg 300w, https:\/\/www.lenkanemravova.cz\/wp-content\/uploads\/2025\/03\/IMG_8270-150x150.jpeg 150w, https:\/\/www.lenkanemravova.cz\/wp-content\/uploads\/2025\/03\/IMG_8270-144x144.jpeg 144w, https:\/\/www.lenkanemravova.cz\/wp-content\/uploads\/2025\/03\/IMG_8270-425x421.jpeg 425w, https:\/\/www.lenkanemravova.cz\/wp-content\/uploads\/2025\/03\/IMG_8270-350x347.jpeg 350w\" sizes=\"(max-width: 640px) 100vw, 640px\" \/>\t\t\t\t\t\t\t\t\t\t\t\t\t\t\t<\/div>\n\t\t\t\t<\/div>\n\t\t\t\t<div class=\"elementor-element elementor-element-f2a38eb elementor-widget elementor-widget-image\" data-id=\"f2a38eb\" data-element_type=\"widget\" data-widget_type=\"image.default\">\n\t\t\t\t<div class=\"elementor-widget-container\">\n\t\t\t\t\t\t\t\t\t\t\t\t\t\t\t<img width=\"413\" height=\"550\" src=\"https:\/\/www.lenkanemravova.cz\/wp-content\/uploads\/2025\/03\/1aecdbab3148235f1ea50d4b50569b6e-413x550.jpg\" class=\"attachment-hoot-preview size-hoot-preview wp-image-3141\" alt=\"\" loading=\"lazy\" srcset=\"https:\/\/www.lenkanemravova.cz\/wp-content\/uploads\/2025\/03\/1aecdbab3148235f1ea50d4b50569b6e-413x550.jpg 413w, https:\/\/www.lenkanemravova.cz\/wp-content\/uploads\/2025\/03\/1aecdbab3148235f1ea50d4b50569b6e-225x300.jpg 225w, https:\/\/www.lenkanemravova.cz\/wp-content\/uploads\/2025\/03\/1aecdbab3148235f1ea50d4b50569b6e-350x467.jpg 350w, https:\/\/www.lenkanemravova.cz\/wp-content\/uploads\/2025\/03\/1aecdbab3148235f1ea50d4b50569b6e.jpg 736w\" sizes=\"(max-width: 413px) 100vw, 413px\" \/>\t\t\t\t\t\t\t\t\t\t\t\t\t\t\t<\/div>\n\t\t\t\t<\/div>\n\t\t\t\t\t<\/div>\n\t\t<\/div>\n\t\t\t\t\t\t\t<\/div>\n\t\t<\/section>\n\t\t\t\t<section class=\"has_eae_slider elementor-section elementor-top-section elementor-element elementor-element-7ae38bb elementor-section-boxed elementor-section-height-default elementor-section-height-default\" data-id=\"7ae38bb\" data-element_type=\"section\" data-settings=\"{&quot;background_background&quot;:&quot;classic&quot;}\">\n\t\t\t\t\t\t<div class=\"elementor-container elementor-column-gap-default\">\n\t\t\t\t\t<div class=\"has_eae_slider elementor-column elementor-col-100 elementor-top-column elementor-element elementor-element-6e76022\" data-id=\"6e76022\" data-element_type=\"column\">\n\t\t\t<div class=\"elementor-widget-wrap elementor-element-populated\">\n\t\t\t\t\t\t\t\t<div class=\"elementor-element elementor-element-c3d94c9 elementor-widget elementor-widget-image\" data-id=\"c3d94c9\" data-element_type=\"widget\" data-widget_type=\"image.default\">\n\t\t\t\t<div class=\"elementor-widget-container\">\n\t\t\t\t\t\t\t\t\t\t\t\t\t\t\t<img width=\"920\" height=\"420\" src=\"https:\/\/www.lenkanemravova.cz\/wp-content\/uploads\/2017\/11\/footlogix_produkty.jpg\" class=\"attachment-large size-large wp-image-468\" alt=\"\" loading=\"lazy\" srcset=\"https:\/\/www.lenkanemravova.cz\/wp-content\/uploads\/2017\/11\/footlogix_produkty.jpg 920w, https:\/\/www.lenkanemravova.cz\/wp-content\/uploads\/2017\/11\/footlogix_produkty-300x137.jpg 300w, https:\/\/www.lenkanemravova.cz\/wp-content\/uploads\/2017\/11\/footlogix_produkty-768x351.jpg 768w, https:\/\/www.lenkanemravova.cz\/wp-content\/uploads\/2017\/11\/footlogix_produkty-425x194.jpg 425w, https:\/\/www.lenkanemravova.cz\/wp-content\/uploads\/2017\/11\/footlogix_produkty-550x250.jpg 550w, https:\/\/www.lenkanemravova.cz\/wp-content\/uploads\/2017\/11\/footlogix_produkty-350x160.jpg 350w\" sizes=\"(max-width: 920px) 100vw, 920px\" \/>\t\t\t\t\t\t\t\t\t\t\t\t\t\t\t<\/div>\n\t\t\t\t<\/div>\n\t\t\t\t\t<\/div>\n\t\t<\/div>\n\t\t\t\t\t\t\t<\/div>\n\t\t<\/section>\n\t\t\t\t\t\t\t<\/div>\n\t\t","protected":false},"excerpt":{"rendered":"<p>Pedik\u00fara je prov\u00e1d\u011bna kvalitn\u00edmi p\u0159\u00edpavky jako jsou italsk\u00e9 produkty CND, Cuccio, Podopharm a americk\u00e1 zna\u010dka Footlogix. Produkty vol\u00edm individu\u00e1ln\u011b dle stavu nohou.\u00a0 Ji\u017e od \u0161koln\u00edch lavic byla mou volbou pedik\u00fara, kter\u00e1 je neskute\u010dn\u011b n\u00e1pomocn\u00e1, o\u010distn\u00e1 a z\u00e1rove\u0148 i estetick\u00e1.\u00a0 Metoda o\u0161et\u0159en\u00ed dle individu\u00e1ln\u00edch pot\u0159eb &#8211; mokr\u00e1, kombinovan\u00e1, wellness.\u00a0 Cen\u00edk slu\u017eby Hygienick\u00e1 pedik\u00fara 750 K\u010d tj. miner\u00e1ln\u00ed \u010di hydrata\u010dn\u00ed koupel, o\u0161et\u0159en\u00ed mozol\u016f a zrohovat\u011bl\u00e9 k\u016f\u017ee, o\u0161et\u0159en\u00ed neht\u016f a okol\u00ed, zapracov\u00e1n\u00ed regenera\u010dn\u00edho kr\u00e9mu, lakov\u00e1n\u00ed CND VINYLUX dle p\u0159\u00e1n\u00ed\u010cistota, steriln\u00ed n\u00e1stroje, soukrom\u00ed. Zna\u010dky: CND, Footlogix, Cuccio, Podopharm Pedik\u00fara a CND Shellac 1200 K\u010d<a class=\"more-link\" href=\"https:\/\/www.lenkanemravova.cz\/?page_id=90\">Read More &rarr;<\/a><\/p>\n","protected":false},"author":1,"featured_media":0,"parent":0,"menu_order":0,"comment_status":"closed","ping_status":"closed","template":"","meta":[],"_links":{"self":[{"href":"https:\/\/www.lenkanemravova.cz\/index.php?rest_route=\/wp\/v2\/pages\/90"}],"collection":[{"href":"https:\/\/www.lenkanemravova.cz\/index.php?rest_route=\/wp\/v2\/pages"}],"about":[{"href":"https:\/\/www.lenkanemravova.cz\/index.php?rest_route=\/wp\/v2\/types\/page"}],"author":[{"embeddable":true,"href":"https:\/\/www.lenkanemravova.cz\/index.php?rest_route=\/wp\/v2\/users\/1"}],"replies":[{"embeddable":true,"href":"https:\/\/www.lenkanemravova.cz\/index.php?rest_route=%2Fwp%2Fv2%2Fcomments&post=90"}],"version-history":[{"count":25,"href":"https:\/\/www.lenkanemravova.cz\/index.php?rest_route=\/wp\/v2\/pages\/90\/revisions"}],"predecessor-version":[{"id":3147,"href":"https:\/\/www.lenkanemravova.cz\/index.php?rest_route=\/wp\/v2\/pages\/90\/revisions\/3147"}],"wp:attachment":[{"href":"https:\/\/www.lenkanemravova.cz\/index.php?rest_route=%2Fwp%2Fv2%2Fmedia&parent=90"}],"curies":[{"name":"wp","href":"https:\/\/api.w.org\/{rel}","templated":true}]}}